{"id":18,"date":"2021-10-06T14:43:44","date_gmt":"2021-10-06T14:43:44","guid":{"rendered":"https:\/\/cooperacioninternacional.usac.edu.gt\/?page_id=18"},"modified":"2026-03-12T18:13:52","modified_gmt":"2026-03-12T18:13:52","slug":"administracion-cgcri","status":"publish","type":"page","link":"https:\/\/cooperacioninternacional.usac.edu.gt\/?page_id=18","title":{"rendered":"Equipo Coordinador"},"content":{"rendered":"<p>[et_pb_section fb_built=\u00bb1&#8243; _builder_version=\u00bb4.16&#8243; global_colors_info=\u00bb{}\u00bb][et_pb_row _builder_version=\u00bb4.16&#8243; background_size=\u00bbinitial\u00bb background_position=\u00bbtop_left\u00bb background_repeat=\u00bbrepeat\u00bb global_colors_info=\u00bb{}\u00bb][et_pb_column type=\u00bb4_4&#8243; _builder_version=\u00bb4.16&#8243; custom_padding=\u00bb|||\u00bb global_colors_info=\u00bb{}\u00bb custom_padding__hover=\u00bb|||\u00bb][et_pb_text _builder_version=\u00bb4.27.6&#8243; background_size=\u00bbinitial\u00bb background_position=\u00bbtop_left\u00bb background_repeat=\u00bbrepeat\u00bb global_colors_info=\u00bb{}\u00bb]<!-- divi:table {\"hasFixedLayout\":true,\"className\":\"is-style-regular\"} --><\/p>\n<figure class=\"wp-block-table is-style-regular\">\n<table class=\"has-fixed-layout\" style=\"height: 442px;\">\n<thead>\n<tr style=\"height: 24px;\">\n<th class=\"has-text-align-left\" data-align=\"left\" style=\"height: 24px; width: 477.3px;\">Puesto<\/th>\n<th style=\"height: 24px; width: 240.533px;\">Nombre<\/th>\n<th style=\"height: 24px; width: 219.05px;\">Correo<\/th>\n<\/tr>\n<\/thead>\n<tbody>\n<tr style=\"height: 96px;\">\n<td class=\"has-text-align-left\" data-align=\"left\" style=\"height: 96px; width: 477.3px;\"><span style=\"color: #666666;\">Coordinadora General de Cooperaci\u00f3n y Relaciones Internacionales<\/span><\/td>\n<td style=\"height: 96px; width: 240.533px;\">MSc. Olga Mar\u00eda Moscoso Portillo<\/td>\n<td style=\"height: 96px; width: 219.05px;\">\n<p>\u00a0<span style=\"font-size: 14px;\">cooperacionusac@usac.edu.gt<\/span><\/p>\n<p>cooperacionusac@gmail.com<\/p>\n<\/td>\n<\/tr>\n<tr style=\"height: 24px;\">\n<td class=\"has-text-align-left\" data-align=\"left\" style=\"height: 24px; width: 477.3px;\">Asistente Ejecutivo de Cooperaci\u00f3n Internacional<\/td>\n<td style=\"height: 24px; width: 240.533px;\">M.A.\u00a0 Mar\u00eda Teresa Molina Santos<\/td>\n<td style=\"height: 24px; width: 219.05px;\"><a href=\"mailto:mtmolina_33@hotmail.com\">mtmolina_33@hotmail.com<\/a><\/td>\n<\/tr>\n<tr style=\"height: 48px;\">\n<td class=\"has-text-align-left\" data-align=\"left\" style=\"height: 48px; width: 477.3px;\">Asistente Ejecutivo de programas<br \/>y proyectos de Cooperaci\u00f3n Nacional<\/td>\n<td style=\"height: 48px; width: 240.533px;\">Lcda. Cecilia Miranda de Nistal<\/td>\n<td style=\"height: 48px; width: 219.05px;\"><a href=\"mailto:programasusac@gmail.com\">programasusac@gmail.com<\/a><br \/><a href=\"mailto:miranda.cecilia@usac.edu.gt\">miranda.cecilia@usac.edu.gt<\/a><\/td>\n<\/tr>\n<tr style=\"height: 96px;\">\n<td class=\"has-text-align-left\" data-align=\"left\" style=\"height: 96px; width: 477.3px;\">Gestor de Proyectos Internacionales<\/td>\n<td style=\"height: 96px; width: 240.533px;\">Lcda. Alejandra Rojas Sandoval<\/td>\n<td style=\"height: 96px; width: 219.05px;\">\n<p><a href=\"mailto:rojas.alejandra@usac.edu.gt\">rojas.alejandra@usac.edu.gt<\/a><\/p>\n<p>rojass_alejandra@yahoo.com<\/p>\n<\/td>\n<\/tr>\n<tr style=\"height: 24px;\">\n<td class=\"has-text-align-left\" data-align=\"left\" style=\"height: 24px; width: 477.3px;\">Gestor de Proyectos Nacionales<\/td>\n<td>Lcda. Shirley Morales<\/td>\n<td style=\"height: 24px; width: 219.05px;\"><a href=\"mailto:gestoranacionales@gmail.com\" target=\"_blank\" style=\"color: #1155cc; font-family: Arial, Helvetica, sans-serif; font-style: normal; font-variant-caps: normal; font-weight: 400; letter-spacing: normal; orphans: auto; text-align: start; text-indent: 0px; text-transform: none; white-space: normal; widows: auto; word-spacing: 0px; -webkit-text-stroke-width: 0px;\" rel=\"noopener\">gestoranacionales@gmail.com<\/a><\/td>\n<\/tr>\n<tr style=\"height: 24px;\">\n<td class=\"has-text-align-left\" data-align=\"left\" style=\"height: 24px; width: 477.3px;\">Gestora de Log\u00edstica y Planificaci\u00f3n en Cooperaci\u00f3n<\/td>\n<td style=\"height: 24px; width: 240.533px;\">Lcda. Marianela Lazo \u00c1vila<\/td>\n<td style=\"height: 24px; width: 219.05px;\">convocatoriascooperacion@gmail.com<\/td>\n<\/tr>\n<tr style=\"height: 96px;\">\n<td class=\"has-text-align-left\" data-align=\"left\" style=\"height: 96px; width: 477.3px;\">Secretaria<\/td>\n<td style=\"height: 96px; width: 240.533px;\">Sandra Paz Archila<\/td>\n<td style=\"height: 96px; width: 219.05px;\">\n<p><span style=\"font-size: 14px;\">usaccri@usac.edu.gt<\/span><\/p>\n<p><a href=\"mailto:usac.correo@yahoo.com\">usac.correo@yahoo.com<\/a><\/p>\n<\/td>\n<\/tr>\n<\/tbody>\n<\/table>\n<\/figure>\n<p>&nbsp;<\/p>\n<p>&nbsp;<\/p>\n<p>&nbsp;<\/p>\n<p>&nbsp;<\/p>\n<p><!-- \/divi:table --><\/p>\n<p>&nbsp;<\/p>\n<p>&nbsp;<\/p>\n<p><!-- divi:paragraph --><\/p>\n<p>&nbsp;<\/p>\n<p>&nbsp;<\/p>\n<p><!-- \/divi:paragraph -->[\/et_pb_text][\/et_pb_column][\/et_pb_row][\/et_pb_section]<\/p>\n","protected":false},"excerpt":{"rendered":"<p>Puesto Nombre Correo Coordinadora General de Cooperaci\u00f3n y Relaciones Internacionales MSc. Olga Mar\u00eda Moscoso Portillo \u00a0cooperacionusac@usac.edu.gt cooperacionusac@gmail.com Asistente Ejecutivo de Cooperaci\u00f3n Internacional M.A.\u00a0 Mar\u00eda Teresa Molina Santos mtmolina_33@hotmail.com Asistente Ejecutivo de programasy proyectos de Cooperaci\u00f3n Nacional Lcda. Cecilia Miranda de Nistal programasusac@gmail.commiranda.cecilia@usac.edu.gt Gestor de Proyectos Internacionales Lcda. Alejandra Rojas Sandoval rojas.alejandra@usac.edu.gt rojass_alejandra@yahoo.com Gestor de Proyectos [&hellip;]<\/p>\n","protected":false},"author":1,"featured_media":0,"parent":0,"menu_order":0,"comment_status":"closed","ping_status":"closed","template":"","meta":{"_et_pb_use_builder":"on","_et_pb_old_content":"<!-- wp:table {\"hasFixedLayout\":true,\"className\":\"is-style-regular\"} -->\n<figure class=\"wp-block-table is-style-regular\"><table class=\"has-fixed-layout\"><thead><tr><th class=\"has-text-align-left\" data-align=\"left\">Puesto<\/th><th>Nombre<\/th><th>Correo<\/th><\/tr><\/thead><tbody><tr><td class=\"has-text-align-left\" data-align=\"left\">Coordinadora General de Cooperaci\u00f3n y Relaciones Internacionales<\/td><td>MSc. Olga Mar\u00eda Moscoso Portillo<\/td><td>cooperacionusac@gmail.com<\/td><\/tr><tr><td class=\"has-text-align-left\" data-align=\"left\">Asistente Ejecutivo de Cooperaci\u00f3n Internacional<\/td><td>M.A.&nbsp; Mar\u00eda Teresa Molina Santos<\/td><td>mtmolina_33@hotmail.com<\/td><\/tr><tr><td class=\"has-text-align-left\" data-align=\"left\">Asistente Ejecutivo de programas <br>y proyectos de Cooperaci\u00f3n Nacional<\/td><td>Licda. Kimberly Leiva<\/td><td>kimberlyleiva@proton.com<\/td><\/tr><tr><td class=\"has-text-align-left\" data-align=\"left\">Gestor de Proyectos Internacionales<\/td><td>Licda. Alejandra Rojas Sandoval<\/td><td>rojass_alejandra@yahoo.com<\/td><\/tr><tr><td class=\"has-text-align-left\" data-align=\"left\">Gestor de Proyectos Nacionales&nbsp;<\/td><td>Licda. Rina Monroy<\/td><td>rinamonroyloyo@gmail.com<\/td><\/tr><tr><td class=\"has-text-align-left\" data-align=\"left\">Gestora de Log\u00edstica y Planificaci\u00f3n en Cooperaci\u00f3n&nbsp;<\/td><td>Licda. Marianela Lazo \u00c1vila<\/td><td>marianelausac@yahoo.com<\/td><\/tr><tr><td class=\"has-text-align-left\" data-align=\"left\">&nbsp;Dise\u00f1ador Grafico<\/td><td>Licda. Andrea Mar\u00eda Calder\u00f3n Castillo<\/td><td>andrea.calderon.dg@hotmail.com<\/td><\/tr><tr><td class=\"has-text-align-left\" data-align=\"left\">&nbsp;Auxiliar de Tesorero III&nbsp;<\/td><td>Licda. Ana Yolanda Sical Flores<\/td><td>auditoria1998@hotmail.com<\/td><\/tr><tr><td class=\"has-text-align-left\" data-align=\"left\">Secretaria<\/td><td>Sandra Paz Archila&nbsp;<\/td><td>usac.correo@yahoo.com<\/td><\/tr><\/tbody><\/table><\/figure>\n<!-- \/wp:table -->\n\n<!-- wp:paragraph -->\n<p><\/p>\n<!-- \/wp:paragraph -->","_et_gb_content_width":"","footnotes":""},"class_list":["post-18","page","type-page","status-publish","hentry"],"_links":{"self":[{"href":"https:\/\/cooperacioninternacional.usac.edu.gt\/index.php?rest_route=\/wp\/v2\/pages\/18","targetHints":{"allow":["GET"]}}],"collection":[{"href":"https:\/\/cooperacioninternacional.usac.edu.gt\/index.php?rest_route=\/wp\/v2\/pages"}],"about":[{"href":"https:\/\/cooperacioninternacional.usac.edu.gt\/index.php?rest_route=\/wp\/v2\/types\/page"}],"author":[{"embeddable":true,"href":"https:\/\/cooperacioninternacional.usac.edu.gt\/index.php?rest_route=\/wp\/v2\/users\/1"}],"replies":[{"embeddable":true,"href":"https:\/\/cooperacioninternacional.usac.edu.gt\/index.php?rest_route=%2Fwp%2Fv2%2Fcomments&post=18"}],"version-history":[{"count":38,"href":"https:\/\/cooperacioninternacional.usac.edu.gt\/index.php?rest_route=\/wp\/v2\/pages\/18\/revisions"}],"predecessor-version":[{"id":2616,"href":"https:\/\/cooperacioninternacional.usac.edu.gt\/index.php?rest_route=\/wp\/v2\/pages\/18\/revisions\/2616"}],"wp:attachment":[{"href":"https:\/\/cooperacioninternacional.usac.edu.gt\/index.php?rest_route=%2Fwp%2Fv2%2Fmedia&parent=18"}],"curies":[{"name":"wp","href":"https:\/\/api.w.org\/{rel}","templated":true}]}}