{"id":364,"date":"2022-03-31T21:50:17","date_gmt":"2022-03-31T21:50:17","guid":{"rendered":"https:\/\/cooperacioninternacional.usac.edu.gt\/?page_id=364"},"modified":"2023-03-20T19:22:51","modified_gmt":"2023-03-20T19:22:51","slug":"preguntas-frecuentes","status":"publish","type":"page","link":"https:\/\/cooperacioninternacional.usac.edu.gt\/?page_id=364","title":{"rendered":"Preguntas frecuentes"},"content":{"rendered":"[et_pb_section fb_built=\u00bb1&#8243; admin_label=\u00bbsection\u00bb _builder_version=\u00bb4.16&#8243; hover_enabled=\u00bb0&#8243; global_colors_info=\u00bb{}\u00bb sticky_enabled=\u00bb0&#8243;][et_pb_row admin_label=\u00bbrow\u00bb _builder_version=\u00bb4.16&#8243; background_size=\u00bbinitial\u00bb background_position=\u00bbtop_left\u00bb background_repeat=\u00bbrepeat\u00bb global_colors_info=\u00bb{}\u00bb column_structure=\u00bb1_5,3_5,1_5&#8243;][et_pb_column type=\u00bb1_5&#8243; _builder_version=\u00bb4.16&#8243; custom_padding=\u00bb|||\u00bb global_colors_info=\u00bb{}\u00bb custom_padding__hover=\u00bb|||\u00bb][\/et_pb_column][et_pb_column type=\u00bb3_5&#8243; _builder_version=\u00bb4.16&#8243; custom_padding=\u00bb|||\u00bb global_colors_info=\u00bb{}\u00bb custom_padding__hover=\u00bb|||\u00bb][et_pb_text admin_label=\u00bbText\u00bb _builder_version=\u00bb4.20.2&#8243; background_size=\u00bbinitial\u00bb background_position=\u00bbtop_left\u00bb background_repeat=\u00bbrepeat\u00bb hover_enabled=\u00bb0&#8243; global_colors_info=\u00bb{}\u00bb sticky_enabled=\u00bb0&#8243;]<h2 style=\"text-align: justify;\"><span style=\"color: #003366;\"><strong>Preguntas frecuentes<\/strong><\/span><\/h2>\n<p><span style=\"color: #000080;\"><strong><\/strong><\/span><\/p>\n<p><span style=\"color: #000080;\"><strong><\/strong><\/span><\/p>\n<p style=\"text-align: justify;\"><span style=\"color: #003366;\"><strong>1. Quiero obtener una beca para estudiar en el extranjero, \u00bfque tengo que hacer?<\/strong><\/span><\/p>\n<p style=\"text-align: justify;\"><span style=\"color: #003366;\"><\/span><\/p>\n<p style=\"text-align: justify;\"><span style=\"color: #003366;\">Los primeros pasos para poder concursar por una beca es estar titulado, o estar seguro que se contar\u00e1 con el t\u00edtulo al momento de entregar los papeles para concursar. Adem\u00e1s, en la mayor\u00eda de las convocatorias solicitan estar aceptado en la universidad a la que se desea ingresar. Se\u00a0 debe de verificar s\u00ed se cumple con los requisitos que solicita la universidad donde se desea estudiar.<\/span><\/p>\n<p style=\"text-align: justify;\"><span style=\"color: #003366;\"><\/span><\/p>\n<p style=\"text-align: justify;\"><span style=\"color: #003366;\"><strong>2. \u00bfLa Coordinadora General de Cooperaci\u00f3n y Relaciones Internacionales me proporcionar\u00e1 el programa de mi inter\u00e9s?<\/strong><\/span><\/p>\n<p style=\"text-align: justify;\"><span style=\"color: #003366;\"><\/span><\/p>\n<p style=\"text-align: justify;\"><span style=\"color: #003366;\">La CGCRI, posee informaci\u00f3n de varios programas internacionales que se encuentran vigentes. Tambi\u00e9n existen programas donde el interesado es quien debe buscar la universidad o programa de su inter\u00e9s. Es importante buscar una instituci\u00f3n con reconocimiento en la USAC para que al regresar pueda realizar los tr\u00e1mites de incorporaci\u00f3n sin ning\u00fan inconveniente.<\/span><\/p>\n<p style=\"text-align: justify;\"><span style=\"color: #003366;\"><\/span><\/p>\n<p style=\"text-align: justify;\"><span style=\"color: #003366;\">Es importante resaltar que la CGCRI no realiza el tr\u00e1mite de la beca, \u00e9sta es responsabilidad del interesado; sin embargo, existen excepciones en algunos programas. \u00a0La Coordinadora de Cooperaci\u00f3n a trav\u00e9s del \u00e1rea de becas brinda la asesor\u00eda para postulaci\u00f3n, qui\u00e9n selecciona al estudiante o profesional es el organismo internacional que brinda la beca.<\/span><\/p>\n<p style=\"text-align: justify;\"><span style=\"color: #003366;\"><\/span><\/p>\n<p style=\"text-align: justify;\"><span style=\"color: #003366;\"><strong>3. \u00bfComo puedo encontrar el programa de mi inter\u00e9s?<\/strong><\/span><\/p>\n<p style=\"text-align: justify;\"><span style=\"color: #003366;\"><\/span><\/p>\n<p style=\"text-align: justify;\"><span style=\"color: #003366;\">La oferta acad\u00e9mica se puede buscar por medio de directorios de universidades internacionales donde se desea realizar el estudio o bien en las redes sociales de la Coordinadora General de Cooperaci\u00f3n y Relaciones Internacionales quien difunde las oportunidades vigentes; se recomienda tambi\u00e9n visitar las p\u00e1ginas web de las embajadas o de instituciones nacionales como la Secretaria de Planificaci\u00f3n de la Presidencia \u2013 SEGEPLAN- .<\/span><\/p>\n<p style=\"text-align: justify;\"><span style=\"color: #003366;\"><\/span><\/p>\n<p style=\"text-align: justify;\"><span style=\"color: #003366;\"><strong>4. Ya tengo varias opciones de lo que quiero estudiar, \u00bfy ahora?<\/strong><\/span><\/p>\n<p style=\"text-align: justify;\"><span style=\"color: #003366;\"><\/span><\/p>\n<p style=\"text-align: justify;\"><span style=\"color: #003366;\">Una vez que has encontrado varias opciones de tu inter\u00e9s, el siguiente paso es informarte sobre el procedimiento de inscripci\u00f3n. Este puede variar de una universidad a otra.<\/span><\/p>\n<p style=\"text-align: justify;\"><span style=\"color: #003366;\"><\/span><\/p>\n<p style=\"text-align: justify;\"><span style=\"color: #003366;\">Por lo regular, los interesados deben participar en concursos de selecci\u00f3n en los que para ser considerados como aspirantes, deben llenar algunos requisitos y desde luego, una solicitud en el formato establecido para tal efecto. No basta escribir a las autoridades educativas para que \u00e9stos inmediatamente otorguen el ingreso.<\/span><\/p>\n<p style=\"text-align: justify;\"><span style=\"color: #003366;\"><\/span><\/p>\n<p style=\"text-align: justify;\"><span style=\"color: #003366;\"><strong>5. \u00bfEl ser aceptado en una universidad me otorga autom\u00e1ticamente la beca?<\/strong><\/span><\/p>\n<p style=\"text-align: justify;\"><span style=\"color: #003366;\"><\/span><\/p>\n<p style=\"text-align: justify;\"><span style=\"color: #003366;\">No. Con muy pocas excepciones, el procedimiento de admisi\u00f3n a la universidad es independiente del de solicitud de beca, por lo que debes seguir ambos tr\u00e1mites. Por lo general se busca primero la aceptaci\u00f3n a la universidad y posteriormente se tramita la beca, aunque esto puede variar y en otros casos, al hacer los tr\u00e1mites de ingreso a la universidad, se debe tambi\u00e9n comenzar el procedimiento para la obtenci\u00f3n de beca.<\/span><\/p>\n<p style=\"text-align: justify;\"><span style=\"color: #003366;\"><\/span><\/p>\n<p style=\"text-align: justify;\"><span style=\"color: #003366;\">Los procesos de asignaci\u00f3n de becas se llevan a cabo \u00fanicamente durante fechas determinadas y es necesario estar pendiente de la apertura y cierre de las mismas para poder participar.<\/span><\/p>\n<p style=\"text-align: justify;\"><span style=\"color: #003366;\"><\/span><\/p>\n<p style=\"text-align: justify;\"><span style=\"color: #003366;\"><strong>6. \u00bfLos organismos otorgan becas para cualquier programa acad\u00e9mico, cualquier pa\u00eds, etc. que yo desee estudiar?<\/strong><\/span><\/p>\n<p style=\"text-align: justify;\"><span style=\"color: #003366;\"><\/span><\/p>\n<p style=\"text-align: justify;\"><span style=\"color: #003366;\">No exactamente. Existen diversos tipos de becas a los que se puede tener acceso como:<\/span><\/p>\n<p style=\"text-align: justify;\"><span style=\"color: #003366;\"><\/span><\/p>\n<p style=\"text-align: justify;\"><span style=\"color: #003366;\">Convocatorias cerradas, es decir, aquella donde el organismo, universidad, instituci\u00f3n, etc. establece los programas espec\u00edficos a los que brindara el apoyo de beca.<\/span><\/p>\n<p style=\"text-align: justify;\"><span style=\"color: #003366;\"><\/span><\/p>\n<p style=\"text-align: justify;\"><span style=\"color: #003366;\">Convocatorias abiertas (que son minor\u00eda), aquellas donde el estudiante elige el programa de su inter\u00e9s, y el organismo le brinda el apoyo para cursarlo.<\/span><\/p>\n<p style=\"text-align: justify;\"><span style=\"color: #003366;\"><\/span><\/p>\n<p style=\"text-align: justify;\"><span style=\"color: #003366;\"><strong>7. \u00bfPara aplicar a una beca, con cuanto tiempo de anticipaci\u00f3n debo de hacerlo?<\/strong><\/span><\/p>\n<p style=\"text-align: justify;\"><span style=\"color: #003366;\"><\/span><\/p>\n<p style=\"text-align: justify;\"><span style=\"color: #003366;\">Los tr\u00e1mites var\u00edan de acuerdo con los conocimientos y papeler\u00eda con que cuenta el interesado. Para estudiar deben iniciarse al menos con un a\u00f1o de anticipaci\u00f3n a la fecha de inicio de los estudios.<\/span><\/p>\n<p style=\"text-align: justify;\"><span style=\"color: #003366;\"><\/span><\/p>\n<p style=\"text-align: justify;\"><span style=\"color: #003366;\">Se debe entonces considerar estos tiempos para contactar a la instituci\u00f3n en la que se quiere realizar los estudios, para tramitar la carta de admisi\u00f3n, para presentar los ex\u00e1menes de conocimiento del idioma y alcanzar los puntajes m\u00ednimos requeridos, para integrar la solicitud de beca y en general, para participar en el concurso de selecci\u00f3n.<\/span><\/p>\n<p style=\"text-align: justify;\"><span style=\"color: #003366;\"><\/span><\/p>\n<p style=\"text-align: justify;\"><span style=\"color: #003366;\"><strong>8. \u00bfCu\u00e1les son los requisitos generales que me pedir\u00e1n adem\u00e1s de estar titulado?<\/strong><\/span><\/p>\n<p style=\"text-align: justify;\"><span style=\"color: #003366;\"><\/span><\/p>\n<p style=\"text-align: justify;\"><span style=\"color: #003366;\">Los requisitos para solicitar una beca var\u00edan dependiendo del organismo que las ofrece. Adem\u00e1s, del t\u00edtulo, los m\u00ednimos que el interesado debe llenar al aspirar a una beca son:<\/span><\/p>\n<p style=\"text-align: justify;\"><span style=\"color: #003366;\"><\/span><\/p>\n<p style=\"text-align: justify;\"><span style=\"color: #003366;\">\u2022 Curriculum vitae<\/span><\/p>\n<p style=\"text-align: justify;\"><span style=\"color: #003366;\"><\/span><\/p>\n<p style=\"text-align: justify;\"><span style=\"color: #003366;\">\u2022 Cartas de recomendaci\u00f3n acad\u00e9micas<\/span><\/p>\n<p style=\"text-align: justify;\"><span style=\"color: #003366;\"><\/span><\/p>\n<p style=\"text-align: justify;\"><span style=\"color: #003366;\">\u2022 Ex\u00e1menes como GRE (examen estandarizado en universidades de estados unidos) , .<\/span><\/p>\n<p style=\"text-align: justify;\"><span style=\"color: #003366;\"><\/span><\/p>\n<p style=\"text-align: justify;\"><span style=\"color: #003366;\">\u2022 Plan de trabajo o de investigaci\u00f3n.<\/span><\/p>\n<p style=\"text-align: justify;\"><span style=\"color: #003366;\"><\/span><\/p>\n<p style=\"text-align: justify;\"><span style=\"color: #003366;\">\u2022 Dominio del idioma<\/span><\/p>\n<p style=\"text-align: justify;\"><span style=\"color: #003366;\"><\/span><\/p>\n<p style=\"text-align: justify;\"><span style=\"color: #003366;\">\u2022 Pasaporte vigente<\/span><\/p>\n<p style=\"text-align: justify;\"><span style=\"color: #003366;\"><\/span><\/p>\n<p style=\"text-align: justify;\"><span style=\"color: #003366;\">\u2022 Visa si en dado caso el pa\u00eds as\u00ed lo requiera<\/span><\/p>\n<p style=\"text-align: justify;\"><span style=\"color: #003366;\"><\/span><\/p>\n<p style=\"text-align: justify;\"><span style=\"color: #003366;\">\u2022 Esquema de vacunaci\u00f3n completo avalado por las vacunas que reconoce la Organizaci\u00f3n Mundial de Salud<\/span><\/p>\n<p style=\"text-align: justify;\"><span style=\"color: #003366;\"><\/span><\/p>\n<p style=\"text-align: justify;\"><span style=\"color: #003366;\"><strong>9. \u00bfQu\u00e9 requisitos de idioma son necesarios para obtener una beca?<\/strong><\/span><\/p>\n<p style=\"text-align: justify;\"><span style=\"color: #003366;\"><\/span><\/p>\n<p style=\"text-align: justify;\"><span style=\"color: #003366;\">Para estudiar en el extranjero, es muy importante conocer el idioma que se hable en el pa\u00eds donde se pretende estudiar. Aunque algunas veces el primer requisito es saber ingl\u00e9s, y por consiguiente, comprobar que se domina por medio de ex\u00e1menes oficiales como TOEFL, IELTS o aquel que la instituci\u00f3n solicite. Es importante prever el tiempo de entrega de los resultados para poder enviarlos con el expediente a tiempo.<\/span><\/p>\n<p style=\"text-align: justify;\"><span style=\"color: #003366;\"><\/span><\/p>\n<p style=\"text-align: justify;\"><span style=\"color: #003366;\"><strong>10. Otras recomendaciones importantes.<\/strong><\/span><\/p>\n<p style=\"text-align: justify;\"><span style=\"color: #003366;\"><\/span><\/p>\n<p style=\"text-align: justify;\"><span style=\"color: #003366;\">Leer detalladamente y llenar siempre todos y cada uno de los formatos que se solicitan de la manera mas clara y concisa para evitar confusiones.<\/span><\/p>\n<p style=\"text-align: justify;\"><span style=\"color: #003366;\"><\/span><\/p>\n<p style=\"text-align: justify;\"><span style=\"color: #003366;\">Siempre leer todos los lineamientos y reglamentos para asegurarse de cuales son los derechos y obligaciones a los que ser\u00e1 expuesto el becario.<\/span><\/p>\n<p><\/p>[\/et_pb_text][\/et_pb_column][et_pb_column type=\u00bb1_5&#8243; _builder_version=\u00bb4.16&#8243; custom_padding=\u00bb|||\u00bb global_colors_info=\u00bb{}\u00bb custom_padding__hover=\u00bb|||\u00bb][\/et_pb_column][\/et_pb_row][\/et_pb_section]","protected":false},"excerpt":{"rendered":"<p>Preguntas frecuentes 1. Quiero obtener una beca para estudiar en el extranjero, \u00bfque tengo que hacer? Los primeros pasos para poder concursar por una beca es estar titulado, o estar seguro que se contar\u00e1 con el t\u00edtulo al momento de entregar los papeles para concursar. Adem\u00e1s, en la mayor\u00eda de las convocatorias solicitan estar aceptado [&hellip;]<\/p>\n","protected":false},"author":2,"featured_media":826,"parent":0,"menu_order":0,"comment_status":"closed","ping_status":"closed","template":"","meta":{"_et_pb_use_builder":"on","_et_pb_old_content":"<!-- wp:paragraph -->\n<p><strong>1. Quiero obtener una beca para estudiar en el extranjero, \u00bfque tengo que hacer?<\/strong><\/p>\n<!-- \/wp:paragraph -->\n\n<!-- wp:paragraph -->\n<p>Los primeros pasos para poder concursar por una beca es estar titulado, o estar seguro que se contar\u00e1 con el t\u00edtulo al momento de entregar los papeles para concursar. Adem\u00e1s, en la mayor\u00eda de las convocatorias solicitan estar aceptado en la universidad a la que se desea ingresar. Se&nbsp; debe de verificar s\u00ed se cumple con los requisitos que solicita la universidad donde se desea estudiar.<\/p>\n<!-- \/wp:paragraph -->\n\n<!-- wp:paragraph -->\n<p><strong>2. \u00bfLa Coordinadora General de Cooperaci\u00f3n y Relaciones Internacionales me proporcionar\u00e1 el programa de mi inter\u00e9s?<\/strong><\/p>\n<!-- \/wp:paragraph -->\n\n<!-- wp:paragraph -->\n<p>La CGCRI, posee informaci\u00f3n de varios programas internacionales que se encuentran vigentes. Tambi\u00e9n existen programas donde el interesado es quien debe buscar la universidad o programa de su inter\u00e9s. Es importante buscar una instituci\u00f3n con reconocimiento en la USAC para que al regresar pueda realizar los tr\u00e1mites de incorporaci\u00f3n sin ning\u00fan inconveniente.<\/p>\n<!-- \/wp:paragraph -->\n\n<!-- wp:paragraph -->\n<p>Es importante resaltar que la CGCRI no realiza el tr\u00e1mite de la beca, \u00e9sta es responsabilidad del interesado; sin embargo, existen excepciones en algunos programas. &nbsp;La Coordinadora de Cooperaci\u00f3n a trav\u00e9s del \u00e1rea de becas brinda la asesor\u00eda para postulaci\u00f3n, qui\u00e9n selecciona al estudiante o profesional es el organismo internacional que brinda la beca.<\/p>\n<!-- \/wp:paragraph -->\n\n<!-- wp:paragraph -->\n<p><strong>3. \u00bfComo puedo encontrar el programa de mi inter\u00e9s?<\/strong><\/p>\n<!-- \/wp:paragraph -->\n\n<!-- wp:paragraph -->\n<p>La oferta acad\u00e9mica se puede buscar por medio de directorios de universidades internacionales donde se desea realizar el estudio o bien en las redes sociales de la Coordinadora General de Cooperaci\u00f3n y Relaciones Internacionales quien difunde las oportunidades vigentes; se recomienda tambi\u00e9n visitar las p\u00e1ginas web de las embajadas o de instituciones nacionales como la Secretaria de Planificaci\u00f3n de la Presidencia \u2013 SEGEPLAN- .<\/p>\n<!-- \/wp:paragraph -->\n\n<!-- wp:paragraph -->\n<p><strong>4. Ya tengo varias opciones de lo que quiero estudiar, \u00bfy ahora?<\/strong><\/p>\n<!-- \/wp:paragraph -->\n\n<!-- wp:paragraph -->\n<p>Una vez que has encontrado varias opciones de tu inter\u00e9s, el siguiente paso es informarte sobre el procedimiento de inscripci\u00f3n. Este puede variar de una universidad a otra.<\/p>\n<!-- \/wp:paragraph -->\n\n<!-- wp:paragraph -->\n<p>Por lo regular, los interesados deben participar en concursos de selecci\u00f3n en los que para ser considerados como aspirantes, deben llenar algunos requisitos y desde luego, una solicitud en el formato establecido para tal efecto. No basta escribir a las autoridades educativas para que \u00e9stos inmediatamente otorguen el ingreso.<\/p>\n<!-- \/wp:paragraph -->\n\n<!-- wp:paragraph -->\n<p><strong>5. \u00bfEl ser aceptado en una universidad me otorga autom\u00e1ticamente la beca?<\/strong><\/p>\n<!-- \/wp:paragraph -->\n\n<!-- wp:paragraph -->\n<p>No. Con muy pocas excepciones, el procedimiento de admisi\u00f3n a la universidad es independiente del de solicitud de beca, por lo que debes seguir ambos tr\u00e1mites. Por lo general se busca primero la aceptaci\u00f3n a la universidad y posteriormente se tramita la beca, aunque esto puede variar y en otros casos, al hacer los tr\u00e1mites de ingreso a la universidad, se debe tambi\u00e9n comenzar el procedimiento para la obtenci\u00f3n de beca.<\/p>\n<!-- \/wp:paragraph -->\n\n<!-- wp:paragraph -->\n<p>Los procesos de asignaci\u00f3n de becas se llevan a cabo \u00fanicamente durante fechas determinadas y es necesario estar pendiente de la apertura y cierre de las mismas para poder participar.<\/p>\n<!-- \/wp:paragraph -->\n\n<!-- wp:paragraph -->\n<p><strong>6. \u00bfLos organismos otorgan becas para cualquier programa acad\u00e9mico, cualquier pa\u00eds, etc. que yo desee estudiar?<\/strong><\/p>\n<!-- \/wp:paragraph -->\n\n<!-- wp:paragraph -->\n<p>No exactamente. Existen diversos tipos de becas a los que se puede tener acceso como:<\/p>\n<!-- \/wp:paragraph -->\n\n<!-- wp:paragraph -->\n<p>Convocatorias cerradas, es decir, aquella donde el organismo, universidad, instituci\u00f3n, etc. establece los programas espec\u00edficos a los que brindara el apoyo de beca.<\/p>\n<!-- \/wp:paragraph -->\n\n<!-- wp:paragraph -->\n<p>Convocatorias abiertas (que son minor\u00eda), aquellas donde el estudiante elige el programa de su inter\u00e9s, y el organismo le brinda el apoyo para cursarlo.&nbsp;<\/p>\n<!-- \/wp:paragraph -->\n\n<!-- wp:paragraph -->\n<p><strong>7. \u00bfPara aplicar a una beca, con cuanto tiempo de anticipaci\u00f3n debo de hacerlo?<\/strong><\/p>\n<!-- \/wp:paragraph -->\n\n<!-- wp:paragraph -->\n<p>Los tr\u00e1mites var\u00edan de acuerdo con los conocimientos y papeler\u00eda con que cuenta el interesado. Para estudiar deben iniciarse al menos con un a\u00f1o de anticipaci\u00f3n a la fecha de inicio de los estudios.<\/p>\n<!-- \/wp:paragraph -->\n\n<!-- wp:paragraph -->\n<p>Se debe entonces considerar estos tiempos para contactar a la instituci\u00f3n en la que se quiere realizar los estudios, para tramitar la carta de admisi\u00f3n, para presentar los ex\u00e1menes de conocimiento del idioma y alcanzar los puntajes m\u00ednimos requeridos, para integrar la solicitud de beca y en general, para participar en el concurso de selecci\u00f3n.<\/p>\n<!-- \/wp:paragraph -->\n\n<!-- wp:paragraph -->\n<p><strong>8. \u00bfCu\u00e1les son los requisitos generales que me pedir\u00e1n adem\u00e1s de estar titulado?<\/strong><\/p>\n<!-- \/wp:paragraph -->\n\n<!-- wp:paragraph -->\n<p>Los requisitos para solicitar una beca var\u00edan dependiendo del organismo que las ofrece. Adem\u00e1s, del t\u00edtulo, los m\u00ednimos que el interesado debe llenar al aspirar a una beca son:<\/p>\n<!-- \/wp:paragraph -->\n\n<!-- wp:paragraph -->\n<p>\u2022 Curriculum vitae<\/p>\n<!-- \/wp:paragraph -->\n\n<!-- wp:paragraph -->\n<p>\u2022 Cartas de recomendaci\u00f3n acad\u00e9micas<\/p>\n<!-- \/wp:paragraph -->\n\n<!-- wp:paragraph -->\n<p>\u2022 Ex\u00e1menes como GRE (examen estandarizado en universidades de estados unidos) , .<\/p>\n<!-- \/wp:paragraph -->\n\n<!-- wp:paragraph -->\n<p>\u2022 Plan de trabajo o de investigaci\u00f3n.<\/p>\n<!-- \/wp:paragraph -->\n\n<!-- wp:paragraph -->\n<p>\u2022 Dominio del idioma<\/p>\n<!-- \/wp:paragraph -->\n\n<!-- wp:paragraph -->\n<p>\u2022 Pasaporte vigente<\/p>\n<!-- \/wp:paragraph -->\n\n<!-- wp:paragraph -->\n<p>\u2022 Visa si en dado caso el pa\u00eds as\u00ed lo requiera<\/p>\n<!-- \/wp:paragraph -->\n\n<!-- wp:paragraph -->\n<p>\u2022 Esquema de vacunaci\u00f3n completo avalado por las vacunas que reconoce la Organizaci\u00f3n Mundial de Salud<\/p>\n<!-- \/wp:paragraph -->\n\n<!-- wp:paragraph -->\n<p><strong>9. \u00bfQu\u00e9 requisitos de idioma son necesarios para obtener una beca?<\/strong><\/p>\n<!-- \/wp:paragraph -->\n\n<!-- wp:paragraph -->\n<p>Para estudiar en el extranjero, es muy importante conocer el idioma que se hable en el pa\u00eds donde se pretende estudiar. Aunque algunas veces el primer requisito es saber ingl\u00e9s, y por consiguiente, comprobar que se domina por medio de ex\u00e1menes oficiales como TOEFL, IELTS o aquel que la instituci\u00f3n solicite. Es importante prever el tiempo de entrega de los resultados para poder enviarlos con el expediente a tiempo.<\/p>\n<!-- \/wp:paragraph -->\n\n<!-- wp:paragraph -->\n<p><strong>10. Otras recomendaciones importantes.<\/strong><\/p>\n<!-- \/wp:paragraph -->\n\n<!-- wp:paragraph -->\n<p>Leer detalladamente y llenar siempre todos y cada uno de los formatos que se solicitan de la manera mas clara y concisa para evitar confusiones.<\/p>\n<!-- \/wp:paragraph -->\n\n<!-- wp:paragraph -->\n<p>Siempre leer todos los lineamientos y reglamentos para asegurarse de cuales son los derechos y obligaciones a los que ser\u00e1 expuesto el becario.<\/p>\n<!-- \/wp:paragraph -->","_et_gb_content_width":"","footnotes":""},"class_list":["post-364","page","type-page","status-publish","has-post-thumbnail","hentry"],"_links":{"self":[{"href":"https:\/\/cooperacioninternacional.usac.edu.gt\/index.php?rest_route=\/wp\/v2\/pages\/364","targetHints":{"allow":["GET"]}}],"collection":[{"href":"https:\/\/cooperacioninternacional.usac.edu.gt\/index.php?rest_route=\/wp\/v2\/pages"}],"about":[{"href":"https:\/\/cooperacioninternacional.usac.edu.gt\/index.php?rest_route=\/wp\/v2\/types\/page"}],"author":[{"embeddable":true,"href":"https:\/\/cooperacioninternacional.usac.edu.gt\/index.php?rest_route=\/wp\/v2\/users\/2"}],"replies":[{"embeddable":true,"href":"https:\/\/cooperacioninternacional.usac.edu.gt\/index.php?rest_route=%2Fwp%2Fv2%2Fcomments&post=364"}],"version-history":[{"count":7,"href":"https:\/\/cooperacioninternacional.usac.edu.gt\/index.php?rest_route=\/wp\/v2\/pages\/364\/revisions"}],"predecessor-version":[{"id":1219,"href":"https:\/\/cooperacioninternacional.usac.edu.gt\/index.php?rest_route=\/wp\/v2\/pages\/364\/revisions\/1219"}],"wp:featuredmedia":[{"embeddable":true,"href":"https:\/\/cooperacioninternacional.usac.edu.gt\/index.php?rest_route=\/wp\/v2\/media\/826"}],"wp:attachment":[{"href":"https:\/\/cooperacioninternacional.usac.edu.gt\/index.php?rest_route=%2Fwp%2Fv2%2Fmedia&parent=364"}],"curies":[{"name":"wp","href":"https:\/\/api.w.org\/{rel}","templated":true}]}}