{"id":54,"date":"2021-10-06T16:57:16","date_gmt":"2021-10-06T16:57:16","guid":{"rendered":"https:\/\/cooperacioninternacional.usac.edu.gt\/?page_id=54"},"modified":"2026-03-11T15:02:30","modified_gmt":"2026-03-11T15:02:30","slug":"historia","status":"publish","type":"page","link":"https:\/\/cooperacioninternacional.usac.edu.gt\/?page_id=54","title":{"rendered":"Conoce la Universidad"},"content":{"rendered":"<p>[et_pb_section fb_built=\u00bb1&#8243; _builder_version=\u00bb4.16&#8243; global_colors_info=\u00bb{}\u00bb][et_pb_row column_structure=\u00bb1_2,1_2&#8243; _builder_version=\u00bb4.20.2&#8243; _module_preset=\u00bbdefault\u00bb custom_padding=\u00bb141px|||||\u00bb global_colors_info=\u00bb{}\u00bb][et_pb_column type=\u00bb1_2&#8243; _builder_version=\u00bb4.20.2&#8243; _module_preset=\u00bbdefault\u00bb global_colors_info=\u00bb{}\u00bb][et_pb_text _builder_version=\u00bb4.25.1&#8243; _module_preset=\u00bbdefault\u00bb min_height=\u00bb225px\u00bb inline_fonts=\u00bbAnek Gujarati,Anek Bangla\u00bb global_colors_info=\u00bb{}\u00bb]<\/p>\n<h2><span style=\"font-family: 'Anek Gujarati'; font-weight: normal;\"><strong><\/strong><\/span><\/h2>\n<h2><span style=\"font-family: 'Anek Gujarati'; font-weight: normal;\"><strong><\/strong><\/span><\/h2>\n<h2><span style=\"font-family: 'Anek Gujarati'; font-weight: normal;\"><strong>La Universidad de San Carlos de Guatemala<\/strong><\/span><\/h2>\n<p><span style=\"font-family: 'Anek Gujarati'; font-weight: normal;\"><strong><\/strong><\/span><\/p>\n<p><span style=\"font-family: 'Anek Gujarati'; font-weight: normal;\"><strong><\/strong><\/span><\/p>\n<h4><span style=\"font-family: 'Anek Gujarati'; font-weight: normal;\">Es un pilar fundamental en la educaci\u00f3n guatemalteca. Como la \u00fanica universidad p\u00fablica del pa\u00eds, y adem\u00e1s la m\u00e1s antigua y grande, desempe\u00f1a un papel crucial en la formaci\u00f3n de generaciones de profesionales y l\u00edderes.<\/span><\/h4>\n<h4><span style=\"font-family: 'Anek Gujarati'; font-weight: normal;\">La USAC no solo dirige y organiza la educaci\u00f3n superior del Estado, sino que tambi\u00e9n impulsa valores de justicia, inclusi\u00f3n y participaci\u00f3n social, contribuyendo as\u00ed al bien com\u00fan y al progreso de Guatemala.<\/span><\/h4>\n<h4><span style=\"font-family: 'Anek Gujarati'; font-weight: normal;\">Con una impresionante trayectoria de 350 a\u00f1os, la USAC ostenta el t\u00edtulo de la primera universidad fundada en Centroam\u00e9rica, lo que subraya a\u00fan m\u00e1s su relevancia hist\u00f3rica y su impacto en la regi\u00f3n.<\/span><\/h4>\n<h3 style=\"text-align: justify;\"><span style=\"color: #041351; font-size: medium;\">.\u00a0<\/span><\/h3>\n<p>[\/et_pb_text][\/et_pb_column][et_pb_column type=\u00bb1_2&#8243; _builder_version=\u00bb4.20.2&#8243; _module_preset=\u00bbdefault\u00bb global_colors_info=\u00bb{}\u00bb][et_pb_video src=\u00bbhttps:\/\/www.youtube.com\/watch?v=JV-mfZtbGtY\u00bb _builder_version=\u00bb4.20.2&#8243; _module_preset=\u00bbdefault\u00bb global_colors_info=\u00bb{}\u00bb][\/et_pb_video][\/et_pb_column][\/et_pb_row][et_pb_row _builder_version=\u00bb4.25.1&#8243; _module_preset=\u00bbdefault\u00bb width=\u00bb73.6%\u00bb min_height=\u00bb246px\u00bb custom_margin=\u00bb|314px||auto||\u00bb custom_padding=\u00bb|109px|0px|0px||\u00bb global_colors_info=\u00bb{}\u00bb][et_pb_column type=\u00bb4_4&#8243; _builder_version=\u00bb4.25.1&#8243; _module_preset=\u00bbdefault\u00bb global_colors_info=\u00bb{}\u00bb][et_pb_image src=\u00bbhttps:\/\/cooperacioninternacional.usac.edu.gt\/wp-content\/uploads\/2024\/05\/Mesa-de-trabajo-3-3.png\u00bb title_text=\u00bbMesa de trabajo 3&#8243; url=\u00bbhttps:\/\/www.facebook.com\/UsacOficial\u00bb url_new_window=\u00bbon\u00bb _builder_version=\u00bb4.25.1&#8243; _module_preset=\u00bbdefault\u00bb width=\u00bb384.6%\u00bb custom_margin=\u00bb||-20px|||\u00bb custom_padding=\u00bb||0px|0px||\u00bb global_colors_info=\u00bb{}\u00bb][\/et_pb_image][\/et_pb_column][\/et_pb_row][\/et_pb_section][et_pb_section fb_built=\u00bb1&#8243; _builder_version=\u00bb4.25.1&#8243; _module_preset=\u00bbdefault\u00bb global_colors_info=\u00bb{}\u00bb][\/et_pb_section]<\/p>\n","protected":false},"excerpt":{"rendered":"<p>La Universidad de San Carlos de Guatemala Es un pilar fundamental en la educaci\u00f3n guatemalteca. Como la \u00fanica universidad p\u00fablica del pa\u00eds, y adem\u00e1s la m\u00e1s antigua y grande, desempe\u00f1a un papel crucial en la formaci\u00f3n de generaciones de profesionales y l\u00edderes. La USAC no solo dirige y organiza la educaci\u00f3n superior del Estado, sino [&hellip;]<\/p>\n","protected":false},"author":1,"featured_media":0,"parent":0,"menu_order":0,"comment_status":"closed","ping_status":"closed","template":"","meta":{"_et_pb_use_builder":"on","_et_pb_old_content":"<!-- wp:image {\"align\":\"right\",\"id\":829,\"width\":362,\"height\":580,\"sizeSlug\":\"large\",\"linkDestination\":\"none\"} -->\n<figure class=\"wp-block-image alignright size-large is-resized\"><img src=\"https:\/\/cooperacioninternacional.usac.edu.gt\/wp-content\/uploads\/2022\/09\/DSC_0246-edited.jpg\" alt=\"\" class=\"wp-image-829\" width=\"362\" height=\"580\"\/><\/figure>\n<!-- \/wp:image -->\n\n<!-- wp:paragraph -->\n<p><p align=\"justify\">La Universidad de San Carlos de Guatemala, por sus siglas USAC,&nbsp; es la \u00fanica instituci\u00f3n p\u00fablica en el pa\u00eds. Destaca por ser la tercera universidad fundada con t\u00edtulo Real&nbsp;en Am\u00e9rica, el 31 de enero de 1676, por Carlos II de Espa\u00f1a; cuenta con 346 a\u00f1os de historia, es adem\u00e1s la m\u00e1s antigua y&nbsp; grande del pa\u00eds.<\/p><\/p>\n<!-- \/wp:paragraph -->\n\n<!-- wp:paragraph -->\n<p>En la actualidad la USAC est\u00e1 comprometida con la educaci\u00f3n superior y el&nbsp; recurso humano por ello realiza espacios de formaci\u00f3n al m\u00e1s alto nivel, buscando la excelencia en las \u00e1reas de la ciencia, humanidades, investigaci\u00f3n y tecnolog\u00eda.&nbsp;<\/p>\n<!-- \/wp:paragraph -->\n\n<!-- wp:paragraph -->\n<p>La USAC ha destacado con un papel fundamental en la historia, en el presente y para&nbsp; el futuro de Guatemala. Est\u00e1 incluida en el  <a rel=\"noreferrer noopener\" href=\"https:\/\/www.topuniversities.com\/universities\/universidad-de-san-carlos-de-guatemala#:~:text=Universidad%20de%20San%20Carlos%20de%20Guatemala%20is%20one%20of%20the,QS%20World%20University%20Rankings%202023\" data-type=\"URL\" data-id=\"https:\/\/www.topuniversities.com\/universities\/universidad-de-san-carlos-de-guatemala#:~:text=Universidad%20de%20San%20Carlos%20de%20Guatemala%20is%20one%20of%20the,QS%20World%20University%20Rankings%202023\" target=\"_blank\">QS World University Rankings 2023<\/a>.&nbsp;Las mejores universidades del mundo; es la \u00fanica en Guatemala que aparece dentro del listado mundial en el puesto 1201 de 1500 entidades registradas.<\/p>\n<!-- \/wp:paragraph -->\n\n<!-- wp:paragraph -->\n<p><\/p>\n<!-- \/wp:paragraph -->\n\n<!-- wp:paragraph {\"fontSize\":\"medium\"} -->\n<p class=\"has-medium-font-size\"><strong>El Campus<\/strong><\/p>\n<!-- \/wp:paragraph -->\n\n<!-- wp:paragraph -->\n<p>El campus central de la Universidad est\u00e1 ubicado en la ciudad universitaria, zona 12 de la ciudad de Guatemala.&nbsp;<\/p>\n<!-- \/wp:paragraph -->\n\n<!-- wp:paragraph -->\n<p>Tiene una poblaci\u00f3n estudiantil de:<\/p>\n<!-- \/wp:paragraph -->\n\n<!-- wp:paragraph -->\n<p>\u00b7 &nbsp; <strong>Matr\u00edcula a nivel de grado<\/strong>: 250 mil estudiantes.<\/p>\n<!-- \/wp:paragraph -->\n\n<!-- wp:paragraph -->\n<p>\u00b7 &nbsp; <strong>Matr\u00edcula a nivel de postgrado<\/strong>: 11 mil estudiantes<\/p>\n<!-- \/wp:paragraph -->\n\n<!-- wp:paragraph -->\n<p>\u00b7 &nbsp; <strong>Docentes interinos&nbsp;y titulares: <\/strong>7,181 profesores<\/p>\n<!-- \/wp:paragraph -->\n\n<!-- wp:paragraph -->\n<p>\u00b7 &nbsp; <strong>Auxiliares:&nbsp;<\/strong>1,073<\/p>\n<!-- \/wp:paragraph -->\n\n<!-- wp:paragraph -->\n<p>\u00b7 &nbsp; <strong>Trabajadores universitarios: <\/strong>12,000<\/p>\n<!-- \/wp:paragraph -->\n\n<!-- wp:paragraph -->\n<p>\u00b7 &nbsp; <strong>Administrativos:&nbsp;<\/strong>4,320<\/p>\n<!-- \/wp:paragraph -->\n\n<!-- wp:paragraph -->\n<p>La Universidad de San Carlos de Guatemala cuenta con 10 facultades y 10 escuelas no facultativas que ofrecen carreras en el grado de doctorado, maestr\u00eda, licenciatura y t\u00e9cnicos. Divididas de la siguiente manera:&nbsp;<\/p>\n<!-- \/wp:paragraph -->\n\n<!-- wp:paragraph -->\n<p><\/p>\n<!-- \/wp:paragraph -->\n\n<!-- wp:paragraph -->\n<p><\/p>\n<!-- \/wp:paragraph -->\n\n<!-- wp:paragraph -->\n<p><\/p>\n<!-- \/wp:paragraph -->\n\n<!-- wp:paragraph {\"fontSize\":\"medium\"} -->\n<p class=\"has-medium-font-size\"><strong>Facultades<\/strong><\/p>\n<!-- \/wp:paragraph -->\n\n<!-- wp:columns -->\n<div class=\"wp-block-columns\"><!-- wp:column {\"width\":\"100%\"} -->\n<div class=\"wp-block-column\" style=\"flex-basis:100%\"><!-- wp:group -->\n<div class=\"wp-block-group\"><!-- wp:group {\"layout\":{\"type\":\"flex\",\"flexWrap\":\"nowrap\"}} -->\n<div class=\"wp-block-group\"><!-- wp:image {\"id\":703,\"sizeSlug\":\"full\",\"linkDestination\":\"custom\"} -->\n<figure class=\"wp-block-image size-full\"><a href=\"http:\/\/www.cienciasmedicas.edu.gt\"><img src=\"https:\/\/cooperacioninternacional.usac.edu.gt\/wp-content\/uploads\/2022\/08\/11224766_1552585688324336_7072616984274327118_n-2.jpg\" alt=\"\" class=\"wp-image-703\"\/><\/a><figcaption>Ciencias M\u00e9dicas<\/figcaption><\/figure>\n<!-- \/wp:image -->\n\n<!-- wp:image {\"id\":706,\"sizeSlug\":\"large\",\"linkDestination\":\"custom\"} -->\n<figure class=\"wp-block-image size-large\"><a href=\"http:\/\/www.odontologia.edu.gt\"><img src=\"https:\/\/cooperacioninternacional.usac.edu.gt\/wp-content\/uploads\/2022\/08\/263c11_1d2a7b8f655a472aa3d83c2ddfe4e68e_mv2-1-1024x1024.jpg\" alt=\"\" class=\"wp-image-706\"\/><\/a><figcaption><br>Odontolog\u00eda<\/figcaption><\/figure>\n<!-- \/wp:image -->\n\n<!-- wp:image {\"id\":711,\"sizeSlug\":\"large\",\"linkDestination\":\"custom\"} -->\n<figure class=\"wp-block-image size-large\"><a href=\"www..ccqqfar.edu.gt\u00a0\"><img src=\"https:\/\/cooperacioninternacional.usac.edu.gt\/wp-content\/uploads\/2022\/08\/Artboard-1-3-1024x939.png\" alt=\"\" class=\"wp-image-711\"\/><\/a><figcaption><br><br><br>Ciencias <br>Qu\u00edmicas y Farmacia<\/figcaption><\/figure>\n<!-- \/wp:image -->\n\n<!-- wp:image {\"id\":713,\"sizeSlug\":\"large\",\"linkDestination\":\"custom\"} -->\n<figure class=\"wp-block-image size-large\"><a href=\"http:\/\/www.ingenieria.edu.gt\"><img src=\"https:\/\/cooperacioninternacional.usac.edu.gt\/wp-content\/uploads\/2022\/08\/12967471_988302977944430_7270511872434547580_o-938x1024.jpg\" alt=\"\" class=\"wp-image-713\"\/><\/a><figcaption>Ingenier\u00eda<\/figcaption><\/figure>\n<!-- \/wp:image -->\n\n<!-- wp:image {\"id\":715,\"sizeSlug\":\"large\",\"linkDestination\":\"custom\"} -->\n<figure class=\"wp-block-image size-large\"><a href=\"http:\/\/www.farusac.edu.gt\"><img src=\"https:\/\/cooperacioninternacional.usac.edu.gt\/wp-content\/uploads\/2022\/08\/lofo-facultad-de-arquitectura-1024x939.png\" alt=\"\" class=\"wp-image-715\"\/><\/a><figcaption><br><br><br>Arquitectura<\/figcaption><\/figure>\n<!-- \/wp:image --><\/div>\n<!-- \/wp:group --><\/div>\n<!-- \/wp:group --><\/div>\n<!-- \/wp:column --><\/div>\n<!-- \/wp:columns -->\n\n<!-- wp:columns -->\n<div class=\"wp-block-columns\"><!-- wp:column {\"width\":\"100%\"} -->\n<div class=\"wp-block-column\" style=\"flex-basis:100%\"><!-- wp:group {\"layout\":{\"type\":\"flex\",\"flexWrap\":\"nowrap\"}} -->\n<div class=\"wp-block-group\"><!-- wp:image {\"id\":722,\"sizeSlug\":\"full\",\"linkDestination\":\"custom\"} -->\n<figure class=\"wp-block-image size-full\"><a href=\"http:\/\/www.fmvz.usac.edu.gt\"><img src=\"https:\/\/cooperacioninternacional.usac.edu.gt\/wp-content\/uploads\/2022\/08\/26733404_1428921457217639_7109877963493012481_n.png\" alt=\"\" class=\"wp-image-722\"\/><\/a><figcaption>Medicina Veterinaria y Zootecnia<\/figcaption><\/figure>\n<!-- \/wp:image -->\n\n<!-- wp:image {\"id\":724,\"sizeSlug\":\"full\",\"linkDestination\":\"custom\"} -->\n<figure class=\"wp-block-image size-full\"><a href=\"http:\/\/www.fausac.edu.gt\"><img src=\"https:\/\/cooperacioninternacional.usac.edu.gt\/wp-content\/uploads\/2022\/08\/LOGOFAUSACFINAL2-791x1024-1.png\" alt=\"\" class=\"wp-image-724\"\/><\/a><figcaption>Agronom\u00eda<\/figcaption><\/figure>\n<!-- \/wp:image -->\n\n<!-- wp:image {\"id\":728,\"sizeSlug\":\"full\",\"linkDestination\":\"custom\"} -->\n<figure class=\"wp-block-image size-full\"><a href=\"http:\/\/www.fahusac.edu.gt\"><img src=\"https:\/\/cooperacioninternacional.usac.edu.gt\/wp-content\/uploads\/2022\/08\/descarga.png\" alt=\"\" class=\"wp-image-728\"\/><\/a><figcaption>Humanidades<\/figcaption><\/figure>\n<!-- \/wp:image -->\n\n<!-- wp:image {\"id\":729,\"sizeSlug\":\"full\",\"linkDestination\":\"none\"} -->\n<figure class=\"wp-block-image size-full\"><img src=\"https:\/\/cooperacioninternacional.usac.edu.gt\/wp-content\/uploads\/2022\/08\/CjV-VKjUoAE4mb-.png\" alt=\"\" class=\"wp-image-729\"\/><figcaption>Ciencias Econ\u00f3micas<\/figcaption><\/figure>\n<!-- \/wp:image -->\n\n<!-- wp:image {\"id\":730,\"sizeSlug\":\"full\",\"linkDestination\":\"custom\"} -->\n<figure class=\"wp-block-image size-full\"><a href=\"http:\/\/www.derecho.usac.edu.gt\"><img src=\"https:\/\/cooperacioninternacional.usac.edu.gt\/wp-content\/uploads\/2022\/08\/cropped-logo-facultad.webp\" alt=\"\" class=\"wp-image-730\"\/><\/a><\/figure>\n<!-- \/wp:image --><\/div>\n<!-- \/wp:group --><\/div>\n<!-- \/wp:column --><\/div>\n<!-- \/wp:columns -->\n\n<!-- wp:paragraph -->\n<p><a href=\"http:\/\/www.cienciasmedicas.edu.gt\" data-type=\"URL\" data-id=\"www.cienciasmedicas.edu.gt\">1. &nbsp; &nbsp; Facultad de Ciencias M\u00e9dicas<\/a> &nbsp;<\/p>\n<!-- \/wp:paragraph -->\n\n<!-- wp:paragraph -->\n<p><a href=\"http:\/\/www.odontologia.edu.gt\" data-type=\"URL\" data-id=\"www.odontologia.edu.gt\">2. &nbsp; &nbsp; Facultad de Odontolog\u00eda<\/a><\/p>\n<!-- \/wp:paragraph -->\n\n<!-- wp:paragraph -->\n<p>3. &nbsp; &nbsp; Facultad de Ciencias Qu\u00edmicas y Farmacia<\/p>\n<!-- \/wp:paragraph -->\n\n<!-- wp:paragraph -->\n<p><a href=\"http:\/\/www..ccqqfar.edu.gt\">www..ccqqfar.edu.gt<\/a>&nbsp;<\/p>\n<!-- \/wp:paragraph -->\n\n<!-- wp:paragraph -->\n<p><a href=\"http:\/\/www.farmacia.edu.gt\">www.farmacia.edu.gt<\/a>&nbsp;<\/p>\n<!-- \/wp:paragraph -->\n\n<!-- wp:paragraph -->\n<p><a href=\"http:\/\/www.ingenieria.edu.gt\" data-type=\"URL\" data-id=\"www.ingenieria.edu.gt\">4. &nbsp;  Facultad de Ingenier\u00eda<\/a><\/p>\n<!-- \/wp:paragraph -->\n\n<!-- wp:paragraph -->\n<p><a href=\"http:\/\/www.farusac.edu.gt\" data-type=\"URL\" data-id=\"www.farusac.edu.gt\">5. &nbsp; &nbsp;Facultad de Arquitectura<\/a><\/p>\n<!-- \/wp:paragraph -->\n\n<!-- wp:paragraph -->\n<p><a href=\"http:\/\/www.fmvz.usac.edu.gt\" data-type=\"URL\" data-id=\"www.fmvz.usac.edu.gt\">6.  &nbsp; Facultad de Medicina Veterinaria y Zootecnia<\/a><\/p>\n<!-- \/wp:paragraph -->\n\n<!-- wp:paragraph -->\n<p><a href=\"http:\/\/www.fausac.edu.gt\" data-type=\"URL\" data-id=\"www.fausac.edu.gt\">7. &nbsp; &nbsp;Facultad de Agronom\u00eda<\/a><\/p>\n<!-- \/wp:paragraph -->\n\n<!-- wp:paragraph -->\n<p><a href=\"http:\/\/www.fahusac.edu.gt\" data-type=\"URL\" data-id=\"www.fahusac.edu.gt\">8. &nbsp;  Facultad de Humanidades<\/a><\/p>\n<!-- \/wp:paragraph -->\n\n<!-- wp:paragraph -->\n<p>9. &nbsp; &nbsp;Facultad de Econom\u00eda<\/p>\n<!-- \/wp:paragraph -->\n\n<!-- wp:paragraph -->\n<p><a href=\"http:\/\/www.derecho.usac.edu.gt\" data-type=\"URL\" data-id=\"www.derecho.usac.edu.gt\">10.&nbsp; Facultad de Ciencias Jur\u00eddicas y Sociales<\/a><\/p>\n<!-- \/wp:paragraph -->\n\n<!-- wp:paragraph {\"fontSize\":\"medium\"} -->\n<p class=\"has-medium-font-size\"><strong>Escuelas<\/strong><\/p>\n<!-- \/wp:paragraph -->\n\n<!-- wp:paragraph -->\n<p><a href=\"https:\/\/ecfm.usac.edu.gt\/\" data-type=\"URL\" data-id=\"https:\/\/ecfm.usac.edu.gt\/\">1. &nbsp; &nbsp;Escuela de Ciencias F\u00edsicas y Matem\u00e1ticas<\/a><\/p>\n<!-- \/wp:paragraph -->\n\n<!-- wp:paragraph -->\n<p><a href=\"https:\/\/cienciapolitica.usac.edu.gt\/\" data-type=\"URL\" data-id=\"https:\/\/cienciapolitica.usac.edu.gt\/\">2. &nbsp;&nbsp; Escuela de Ciencia Pol\u00edtica<\/a><\/p>\n<!-- \/wp:paragraph -->\n\n<!-- wp:paragraph -->\n<p><a href=\"https:\/\/comunicacion.usac.edu.gt\/\" data-type=\"URL\" data-id=\"https:\/\/comunicacion.usac.edu.gt\/\">3.  &nbsp; Escuela de Ciencias de la Comunicaci\u00f3n<\/a><\/p>\n<!-- \/wp:paragraph -->\n\n<!-- wp:paragraph -->\n<p><a href=\"https:\/\/trabajosocial.usac.edu.gt\/\" data-type=\"URL\" data-id=\"https:\/\/trabajosocial.usac.edu.gt\/\">4. &nbsp;&nbsp; Escuela de Trabajo Social&nbsp;<\/a><\/p>\n<!-- \/wp:paragraph -->\n\n<!-- wp:paragraph -->\n<p><a href=\"https:\/\/escuelahistoria.usac.edu.gt\/\" data-type=\"URL\" data-id=\"https:\/\/escuelahistoria.usac.edu.gt\/\">5. &nbsp;  Escuela de Historia<\/a><\/p>\n<!-- \/wp:paragraph -->\n\n<!-- wp:paragraph -->\n<p><a href=\"https:\/\/psicousac.edu.gt\/\" data-type=\"URL\" data-id=\"https:\/\/psicousac.edu.gt\/\">6. &nbsp; &nbsp;Escuela de Psicolog\u00eda<\/a><\/p>\n<!-- \/wp:paragraph -->\n\n<!-- wp:paragraph -->\n<p><a href=\"https:\/\/www.facebook.com\/enfermeria.usac\/\" data-type=\"URL\" data-id=\"https:\/\/www.facebook.com\/enfermeria.usac\/\">7.&nbsp; &nbsp; Escuela Nacional de Enfermer\u00eda<\/a>&nbsp; <\/p>\n<!-- \/wp:paragraph -->\n\n<!-- wp:paragraph -->\n<p><a href=\"https:\/\/www.efpemusac.org\/\" data-type=\"URL\" data-id=\"https:\/\/www.efpemusac.org\/\">8. &nbsp; &nbsp;Escuela de Formaci\u00f3n de Profesores de Ense\u00f1anza Media -EFPEM-<\/a><\/p>\n<!-- \/wp:paragraph -->\n\n<!-- wp:paragraph -->\n<p><a href=\"https:\/\/www.facebook.com\/ECCLLUSAC\" data-type=\"URL\" data-id=\"https:\/\/www.facebook.com\/ECCLLUSAC\">9. &nbsp; &nbsp;Escuela de Ciencias Ling\u00fc\u00edsticas<\/a><\/p>\n<!-- \/wp:paragraph -->\n\n<!-- wp:paragraph -->\n<p><a href=\"https:\/\/escuelasuperiordearte.usac.edu.gt\/\" data-type=\"URL\" data-id=\"https:\/\/escuelasuperiordearte.usac.edu.gt\/\">10.&nbsp; Escuela Superior de&nbsp; Arte -Esa- <\/a><\/p>\n<!-- \/wp:paragraph -->\n\n<!-- wp:paragraph -->\n<p><\/p>\n<!-- \/wp:paragraph -->\n\n<!-- wp:paragraph -->\n<p>A nivel nacional: Tiene centros universitarios en los 22 departamentos de Guatemala, los cuales se enlistan a continuaci\u00f3n:&nbsp;<\/p>\n<!-- \/wp:paragraph -->\n\n<!-- wp:image {\"id\":699,\"width\":1278,\"height\":937,\"sizeSlug\":\"large\",\"linkDestination\":\"none\"} -->\n<figure class=\"wp-block-image size-large is-resized\"><img src=\"https:\/\/cooperacioninternacional.usac.edu.gt\/wp-content\/uploads\/2022\/08\/centros-universitarios-01-1024x751.png\" alt=\"\" class=\"wp-image-699\" width=\"1278\" height=\"937\"\/><\/figure>\n<!-- \/wp:image -->\n\n<!-- wp:paragraph -->\n<p><a href=\"http:\/\/www.cudep.edu.gt\" data-type=\"URL\" data-id=\"www.cudep.edu.gt\">Centro Universitario de Pet\u00e9n -CUDEP- Santa Elena, Pet\u00e9n<\/a><\/p>\n<!-- \/wp:paragraph -->\n\n<!-- wp:paragraph -->\n<p><a href=\"http:\/\/www.cunoc.edu.gt\" data-type=\"URL\" data-id=\"www.cunoc.edu.gt\">Centro Universitario de Occidente -CUNOC- Quetzaltenango, Quetzaltenango<\/a><\/p>\n<!-- \/wp:paragraph -->\n\n<!-- wp:paragraph -->\n<p><a href=\"http:\/\/www.cunoroc.edu.gt\" data-type=\"URL\" data-id=\"www.cunoroc.edu.gt\">Centro Universitario de Noroccidente -CUNOROC- Huehuetenango, Huehuetenango<\/a><\/p>\n<!-- \/wp:paragraph -->\n\n<!-- wp:paragraph -->\n<p><a href=\"http:\/\/www.cusam.edu.gt\" data-type=\"URL\" data-id=\"www.cusam.edu.gt\">Centro Universitario del Quich\u00e9 \u2013CUSACQ-, El Quich\u00e9<\/a><\/p>\n<!-- \/wp:paragraph -->\n\n<!-- wp:paragraph -->\n<p><a href=\"http:\/\/www.cusam.edu.gt\" data-type=\"URL\" data-id=\"www.cusam.edu.gt\">Centro Universitario de San Marcos -CUSAM- San Marcos, San Marcos<\/a><\/p>\n<!-- \/wp:paragraph -->\n\n<!-- wp:paragraph -->\n<p><a href=\"http:\/\/www.cuntoto.edu.gt\" data-type=\"URL\" data-id=\"www.cuntoto.edu.gt\">Centro Universitario de Totonicap\u00e1n \u2013CUNTOTO-, Totonicap\u00e1n<\/a><\/p>\n<!-- \/wp:paragraph -->\n\n<!-- wp:paragraph -->\n<p><a href=\"http:\/\/www.cunsol.edu.gt\" data-type=\"URL\" data-id=\"www.cunsol.edu.gt\">Centro Universitario de Solol\u00e1 -CUNSOL<\/a><\/p>\n<!-- \/wp:paragraph -->\n\n<!-- wp:paragraph -->\n<p><a href=\"http:\/\/www.cunor.edu.gt\" data-type=\"URL\" data-id=\"www.cunor.edu.gt\">Centro Universitario del Norte \u2013CUNOR- Cob\u00e1n, Alta Verapaz<\/a><\/p>\n<!-- \/wp:paragraph -->\n\n<!-- wp:paragraph -->\n<p><a href=\"http:\/\/www.cunvab.edu.gt\" data-type=\"URL\" data-id=\"www.cunvab.edu.gt\">Centro Universitario de Baja Verapaz \u2013CUNVAB-, San Miguel Chicaj<\/a><\/p>\n<!-- \/wp:paragraph -->\n\n<!-- wp:paragraph -->\n<p><a href=\"http:\/\/www.cunsaro.edu.gt\" data-type=\"URL\" data-id=\"www.cunsaro.edu.gt\">Centro Universitario de Santa Rosa \u2013CUNSARO- Cuilapa, Santa Rosa<\/a><\/p>\n<!-- \/wp:paragraph -->\n\n<!-- wp:paragraph -->\n<p><a href=\"http:\/\/www.cunsur.edu.gt\" data-type=\"URL\" data-id=\"www.cunsur.edu.gt\">Centro Universitario del Sur -CUNSUR- Escuintla, Escuintla<\/a><\/p>\n<!-- \/wp:paragraph -->\n\n<!-- wp:paragraph -->\n<p><a href=\"http:\/\/www.cundech.edu.gt\" data-type=\"URL\" data-id=\"www.cundech.edu.gt\">Centro Universitario de Chimaltenango \u2013 CUNDECH- Chimaltenango<\/a><\/p>\n<!-- \/wp:paragraph -->\n\n<!-- wp:paragraph -->\n<p>&nbsp;<a href=\"http:\/\/www.cunsuroc.edu.gt\" data-type=\"URL\" data-id=\"www.cunsuroc.edu.gt\">Centro Universitario de Suroccidente -CUNSUROC- Mazatenango, Suchitep\u00e9quez<\/a><\/p>\n<!-- \/wp:paragraph -->\n\n<!-- wp:paragraph -->\n<p>&nbsp;<a href=\"http:\/\/www.jusac.edu.gt\" data-type=\"URL\" data-id=\"www.jusac.edu.gt\">Centro Universitario de Jutiapa \u2013JUSAC- Jutiapa, Jutiapa<\/a><\/p>\n<!-- \/wp:paragraph -->\n\n<!-- wp:paragraph -->\n<p>&nbsp;<a href=\"http:\/\/www.consori.edu.gt\" data-type=\"URL\" data-id=\"www.consori.edu.gt\">Centro Universitario de Suroriente -CUNSURORI- Jalapa, Jalapa<\/a><\/p>\n<!-- \/wp:paragraph -->\n\n<!-- wp:paragraph -->\n<p>&nbsp;<a href=\"http:\/\/www.cunprogreso.edu.gt\" data-type=\"URL\" data-id=\"www.cunprogreso.edu.gt\">Centro Universitario de El Progreso \u2013CUNPROGRESO-, Guastatoya<\/a><\/p>\n<!-- \/wp:paragraph -->\n\n<!-- wp:paragraph -->\n<p>&nbsp;<a href=\"http:\/\/www.cunizab.edu.gt\" data-type=\"URL\" data-id=\"www.cunizab.edu.gt\">Centro Universitario de Izabal -CUNIZAB- Puerto Barrios, Izabal<\/a><\/p>\n<!-- \/wp:paragraph -->\n\n<!-- wp:paragraph -->\n<p>&nbsp;<a href=\"http:\/\/www.cunori.edu.gt\" data-type=\"URL\" data-id=\"www.cunori.edu.gt\">Centro Universitario de Oriente \u2013CUNORI- Chiquimula, Chiquimula<\/a><\/p>\n<!-- \/wp:paragraph -->\n\n<!-- wp:paragraph -->\n<p>&nbsp;<a href=\"http:\/\/www.cunzac.edu.gt\" data-type=\"URL\" data-id=\"www.cunzac.edu.gt\">Centro Universitario de Zacapa -CUNZAC- Zacapa, Zacapa<\/a><\/p>\n<!-- \/wp:paragraph -->\n\n<!-- wp:paragraph -->\n<p>&nbsp;<\/p>\n<!-- \/wp:paragraph -->","_et_gb_content_width":"","footnotes":""},"class_list":["post-54","page","type-page","status-publish","hentry"],"_links":{"self":[{"href":"https:\/\/cooperacioninternacional.usac.edu.gt\/index.php?rest_route=\/wp\/v2\/pages\/54","targetHints":{"allow":["GET"]}}],"collection":[{"href":"https:\/\/cooperacioninternacional.usac.edu.gt\/index.php?rest_route=\/wp\/v2\/pages"}],"about":[{"href":"https:\/\/cooperacioninternacional.usac.edu.gt\/index.php?rest_route=\/wp\/v2\/types\/page"}],"author":[{"embeddable":true,"href":"https:\/\/cooperacioninternacional.usac.edu.gt\/index.php?rest_route=\/wp\/v2\/users\/1"}],"replies":[{"embeddable":true,"href":"https:\/\/cooperacioninternacional.usac.edu.gt\/index.php?rest_route=%2Fwp%2Fv2%2Fcomments&post=54"}],"version-history":[{"count":51,"href":"https:\/\/cooperacioninternacional.usac.edu.gt\/index.php?rest_route=\/wp\/v2\/pages\/54\/revisions"}],"predecessor-version":[{"id":2605,"href":"https:\/\/cooperacioninternacional.usac.edu.gt\/index.php?rest_route=\/wp\/v2\/pages\/54\/revisions\/2605"}],"wp:attachment":[{"href":"https:\/\/cooperacioninternacional.usac.edu.gt\/index.php?rest_route=%2Fwp%2Fv2%2Fmedia&parent=54"}],"curies":[{"name":"wp","href":"https:\/\/api.w.org\/{rel}","templated":true}]}}