{"id":56,"date":"2021-10-06T16:57:34","date_gmt":"2021-10-06T16:57:34","guid":{"rendered":"https:\/\/cooperacioninternacional.usac.edu.gt\/?page_id=56"},"modified":"2024-05-22T16:40:53","modified_gmt":"2024-05-22T16:40:53","slug":"autoridades-universitarias","status":"publish","type":"page","link":"https:\/\/cooperacioninternacional.usac.edu.gt\/?page_id=56","title":{"rendered":"Autoridades Universitarias"},"content":{"rendered":"<p>[et_pb_section fb_built=\u00bb1&#8243; admin_label=\u00bbsection\u00bb _builder_version=\u00bb4.16&#8243; global_colors_info=\u00bb{}\u00bb][et_pb_row _builder_version=\u00bb4.20.2&#8243; _module_preset=\u00bbdefault\u00bb global_colors_info=\u00bb{}\u00bb][et_pb_column type=\u00bb4_4&#8243; _builder_version=\u00bb4.20.2&#8243; _module_preset=\u00bbdefault\u00bb global_colors_info=\u00bb{}\u00bb][\/et_pb_column][\/et_pb_row][et_pb_row column_structure=\u00bb1_4,1_4,1_2&#8243; admin_label=\u00bbrow\u00bb _builder_version=\u00bb4.16&#8243; background_size=\u00bbinitial\u00bb background_position=\u00bbtop_left\u00bb background_repeat=\u00bbrepeat\u00bb min_height=\u00bb348.8px\u00bb custom_margin=\u00bb|596px||25px||\u00bb custom_padding=\u00bb19px|0px||||\u00bb global_colors_info=\u00bb{}\u00bb][et_pb_column type=\u00bb1_4&#8243; _builder_version=\u00bb4.20.2&#8243; _module_preset=\u00bbdefault\u00bb global_colors_info=\u00bb{}\u00bb][\/et_pb_column][et_pb_column type=\u00bb1_4&#8243; _builder_version=\u00bb4.20.2&#8243; _module_preset=\u00bbdefault\u00bb global_colors_info=\u00bb{}\u00bb][et_pb_image src=\u00bbhttps:\/\/cooperacioninternacional.usac.edu.gt\/wp-content\/uploads\/2024\/05\/LOGOTIPOS_USAC_LOGO-2-OFICIAL-2.png\u00bb title_text=\u00bbLOGOTIPOS_USAC_LOGO 2 OFICIAL (2)\u00bb _builder_version=\u00bb4.25.1&#8243; _module_preset=\u00bbdefault\u00bb custom_margin=\u00bb140px|-60px|-13px||false|false\u00bb hover_enabled=\u00bb0&#8243; global_colors_info=\u00bb{}\u00bb sticky_enabled=\u00bb0&#8243; width=\u00bb100%\u00bb custom_padding=\u00bb|0px||||\u00bb][\/et_pb_image][\/et_pb_column][et_pb_column type=\u00bb1_2&#8243; _builder_version=\u00bb4.16&#8243; custom_padding=\u00bb|||\u00bb global_colors_info=\u00bb{}\u00bb custom_padding__hover=\u00bb|||\u00bb][et_pb_text _builder_version=\u00bb4.20.2&#8243; _module_preset=\u00bbdefault\u00bb global_colors_info=\u00bb{}\u00bb inline_fonts=\u00bbAnek Gujarati\u00bb]<\/p>\n<h4><span style=\"color: #001860; font-family: 'Anek Gujarati';\"><strong>Rector<\/strong><\/span><\/h4>\n<h4><span style=\"color: #001860; font-family: 'Anek Gujarati';\">M.A. Walter Ramiro Mazariegos Biolis<\/span><\/h4>\n<h4><span style=\"color: #001860; font-family: 'Anek Gujarati';\"><strong>Secretario General<\/strong><\/span><\/h4>\n<h4><span style=\"color: #001860; font-family: 'Anek Gujarati';\">Lic. Luis Fernando Cord\u00f3n Lucero<\/span><\/h4>\n<h4><span style=\"color: #001860; font-family: 'Anek Gujarati';\"><strong>Directora General de Docencia -DIGED-<\/strong><\/span><\/h4>\n<h4><span style=\"color: #001860; font-family: 'Anek Gujarati';\">M.A. Brenda Asunci\u00f3n Marroqu\u00edn Miranda<strong><\/strong><\/span><\/h4>\n<h4><span style=\"color: #001860; font-family: 'Anek Gujarati';\"><strong>\u200b\u200bDirectora General de Investigaci\u00f3n -DIGI-<\/strong><strong><\/strong><\/span><\/h4>\n<h4><span style=\"color: #001860; font-family: 'Anek Gujarati';\">Dra. Alice Burgos Paniagua<\/span><\/h4>\n<h4><span style=\"color: #001860; font-family: 'Anek Gujarati';\"><strong>Directora General de Extensi\u00f3n Universitaria -DIGEU-<\/strong><strong><\/strong><\/span><\/h4>\n<h4><span style=\"color: #001860; font-family: 'Anek Gujarati';\">Ing. Wendy L\u00f3pez Dub\u00f3n<\/span><\/h4>\n<h4><span style=\"color: #001860; font-family: 'Anek Gujarati';\"><strong>Director General de Administraci\u00f3n -DIGA-<\/strong><\/span><\/h4>\n<h4><span style=\"color: #001860; font-family: 'Anek Gujarati';\">Ing. Luis Pedro Ort\u00edz de Le\u00f3n<\/span><\/h4>\n<h4><span style=\"color: #001860; font-family: 'Anek Gujarati';\"><strong>Directora General de Asuntos Jur\u00eddicos<\/strong><\/span><\/h4>\n<h4><span style=\"color: #001860; font-family: 'Anek Gujarati';\">Licda. Astrid Elizabeth Garc\u00eda<\/span><\/h4>\n<h4><span style=\"color: #001860; font-family: 'Anek Gujarati';\"><strong>Director General Financiero<\/strong><\/span><\/h4>\n<h4><span style=\"color: #001860; font-family: 'Anek Gujarati';\">Dr. Abraham Gonz\u00e1lez Lemus<\/span><\/h4>\n<h4><span style=\"color: #001860; font-family: 'Anek Gujarati';\"><strong>Coordinadora General de Cooperaci\u00f3n y Relaciones Internacionales<\/strong><\/span><\/h4>\n<h4><span style=\"color: #001860; font-family: 'Anek Gujarati';\">MSc. Olga Mar\u00eda Moscoso Portillo<\/span><\/h4>\n<h4><span style=\"color: #0c71c3;\">\u00a0<\/span><\/h4>\n<h4><strong><\/strong><\/h4>\n<p>[\/et_pb_text][\/et_pb_column][\/et_pb_row][\/et_pb_section]<\/p>\n","protected":false},"excerpt":{"rendered":"<p>Rector M.A. Walter Ramiro Mazariegos Biolis Secretario General Lic. Luis Fernando Cord\u00f3n Lucero Directora General de Docencia -DIGED- M.A. Brenda Asunci\u00f3n Marroqu\u00edn Miranda \u200b\u200bDirectora General de Investigaci\u00f3n -DIGI- Dra. Alice Burgos Paniagua Directora General de Extensi\u00f3n Universitaria -DIGEU- Ing. Wendy L\u00f3pez Dub\u00f3n Director General de Administraci\u00f3n -DIGA- Ing. Luis Pedro Ort\u00edz de Le\u00f3n Directora General [&hellip;]<\/p>\n","protected":false},"author":1,"featured_media":0,"parent":0,"menu_order":0,"comment_status":"closed","ping_status":"closed","template":"","meta":{"_et_pb_use_builder":"on","_et_pb_old_content":"","_et_gb_content_width":"","footnotes":""},"class_list":["post-56","page","type-page","status-publish","hentry"],"_links":{"self":[{"href":"https:\/\/cooperacioninternacional.usac.edu.gt\/index.php?rest_route=\/wp\/v2\/pages\/56","targetHints":{"allow":["GET"]}}],"collection":[{"href":"https:\/\/cooperacioninternacional.usac.edu.gt\/index.php?rest_route=\/wp\/v2\/pages"}],"about":[{"href":"https:\/\/cooperacioninternacional.usac.edu.gt\/index.php?rest_route=\/wp\/v2\/types\/page"}],"author":[{"embeddable":true,"href":"https:\/\/cooperacioninternacional.usac.edu.gt\/index.php?rest_route=\/wp\/v2\/users\/1"}],"replies":[{"embeddable":true,"href":"https:\/\/cooperacioninternacional.usac.edu.gt\/index.php?rest_route=%2Fwp%2Fv2%2Fcomments&post=56"}],"version-history":[{"count":37,"href":"https:\/\/cooperacioninternacional.usac.edu.gt\/index.php?rest_route=\/wp\/v2\/pages\/56\/revisions"}],"predecessor-version":[{"id":1998,"href":"https:\/\/cooperacioninternacional.usac.edu.gt\/index.php?rest_route=\/wp\/v2\/pages\/56\/revisions\/1998"}],"wp:attachment":[{"href":"https:\/\/cooperacioninternacional.usac.edu.gt\/index.php?rest_route=%2Fwp%2Fv2%2Fmedia&parent=56"}],"curies":[{"name":"wp","href":"https:\/\/api.w.org\/{rel}","templated":true}]}}