{"id":668,"date":"2022-08-11T20:30:08","date_gmt":"2022-08-11T20:30:08","guid":{"rendered":"https:\/\/cooperacioninternacional.usac.edu.gt\/?page_id=668"},"modified":"2022-08-11T20:57:22","modified_gmt":"2022-08-11T20:57:22","slug":"unidades-academicas","status":"publish","type":"page","link":"https:\/\/cooperacioninternacional.usac.edu.gt\/?page_id=668","title":{"rendered":"Unidades Acad\u00e9micas"},"content":{"rendered":"\n<p>La Universidad de San Carlos de Guatemala cuenta con 10 facultades y 10 escuelas no facultativas que ofrecen carreras en el grado de doctorado, maestr\u00eda, licenciatura y t\u00e9cnicos. Divididas de la siguiente manera:&nbsp;<\/p>\n\n\n\n<p><strong>Facultades<\/strong><\/p>\n\n\n\n<p><a href=\"http:\/\/www.cienciasmedicas.edu.gt\" data-type=\"URL\" data-id=\"www.cienciasmedicas.edu.gt\">1. &nbsp; &nbsp; Facultad de Ciencias M\u00e9dicas<\/a><\/p>\n\n\n\n<p><a rel=\"noreferrer noopener\" href=\"http:\/\/www.odontologia.edu.gt\" data-type=\"URL\" data-id=\"www.odontologia.edu.gt\" target=\"_blank\">2. &nbsp; &nbsp; Facultad de Odontolog\u00eda<\/a><\/p>\n\n\n\n<p>3. &nbsp; &nbsp; Facultad de Ciencias Qu\u00edmicas y Farmacia<\/p>\n\n\n\n<p><a href=\"http:\/\/www..ccqqfar.edu.gt\">www..ccqqfar.edu.gt<\/a>&nbsp;<\/p>\n\n\n\n<p><a href=\"http:\/\/www.farmacia.edu.gt\">www.farmacia.edu.gt<\/a>&nbsp;<\/p>\n\n\n\n<p><a href=\"http:\/\/www.ingenieria.edu.gt\" data-type=\"URL\" data-id=\"www.ingenieria.edu.gt\">4. &nbsp; &nbsp; Facultad de Ingenier\u00eda<\/a><\/p>\n\n\n\n<p><a rel=\"noreferrer noopener\" href=\"http:\/\/www.farusac.edu.gt\" data-type=\"URL\" data-id=\"www.farusac.edu.gt\" target=\"_blank\">5. &nbsp; &nbsp; Faculta<\/a><a href=\"http:\/\/www.farusac.edu.gt\" data-type=\"URL\" data-id=\"www.farusac.edu.gt\" target=\"_blank\" rel=\"noreferrer noopener\">d<\/a><a rel=\"noreferrer noopener\" href=\"http:\/\/www.farusac.edu.gt\" data-type=\"URL\" data-id=\"www.farusac.edu.gt\" target=\"_blank\"> de Arquitectura<\/a><\/p>\n\n\n\n<p><a href=\"http:\/\/www.fmvz.usac.edu.gt\" data-type=\"URL\" data-id=\"www.fmvz.usac.edu.gt\">6. &nbsp; &nbsp; Facultad de Medicina Veterinaria y Zootecnia<\/a><\/p>\n\n\n\n<p><a href=\"http:\/\/www.fausac.edu.gt\" data-type=\"URL\" data-id=\"www.fausac.edu.gt\">7. &nbsp; &nbsp; Facultad de Agronom\u00eda<\/a><\/p>\n\n\n\n<p><a href=\"http:\/\/www.fahusac.edu.gt\" data-type=\"URL\" data-id=\"www.fahusac.edu.gt\">8. &nbsp; &nbsp; Facultad de Humanidades<\/a><\/p>\n\n\n\n<p>9. &nbsp; &nbsp; Facultad de Econom\u00eda<\/p>\n\n\n\n<p><a href=\"http:\/\/www.derecho.usac.edu.gt\" data-type=\"URL\" data-id=\"www.derecho.usac.edu.gt\">10.&nbsp; Faculta de Ciencias Jur\u00eddicas y Sociales<\/a><\/p>\n\n\n\n<p><strong>Escuelas<\/strong><\/p>\n\n\n\n<p><a href=\"https:\/\/ecfm.usac.edu.gt\/\" data-type=\"URL\" data-id=\"https:\/\/ecfm.usac.edu.gt\/\">1. \u00a0 \u00a0 Escuela de Ciencias F\u00edsicas y Matem\u00e1ticas<\/a><\/p>\n\n\n\n<p><a href=\"https:\/\/cienciapolitica.usac.edu.gt\/\" data-type=\"URL\" data-id=\"https:\/\/cienciapolitica.usac.edu.gt\/\">2. &nbsp; &nbsp; Escuela de Ciencia Pol\u00edtica<\/a><\/p>\n\n\n\n<p><a href=\"https:\/\/comunicacion.usac.edu.gt\/\" data-type=\"URL\" data-id=\"https:\/\/comunicacion.usac.edu.gt\/\">3. \u00a0 \u00a0 Escuela de Ciencias de la Comunicaci\u00f3n<\/a><\/p>\n\n\n\n<p><a href=\"https:\/\/trabajosocial.usac.edu.gt\/\">4. \u00a0 \u00a0 Escuela de Trabajo Social\u00a0<\/a><\/p>\n\n\n\n<p><a href=\"https:\/\/escuelahistoria.usac.edu.gt\/\" data-type=\"URL\" data-id=\"https:\/\/escuelahistoria.usac.edu.gt\/\">5. \u00a0 \u00a0 Escuela de Historia<\/a><\/p>\n\n\n\n<p><a href=\"https:\/\/psicousac.edu.gt\/\" data-type=\"URL\" data-id=\"https:\/\/psicousac.edu.gt\/\">6. \u00a0 \u00a0 Escuela de Psicolog\u00eda<\/a><\/p>\n\n\n\n<p><a href=\"https:\/\/www.facebook.com\/enfermeria.usac\/\" data-type=\"URL\" data-id=\"https:\/\/www.facebook.com\/enfermeria.usac\/\">7.\u00a0 \u00a0 Escuela Nacional de Enfermer\u00eda<\/a><\/p>\n\n\n\n<p><a href=\"https:\/\/www.efpemusac.org\/\" data-type=\"URL\" data-id=\"https:\/\/www.efpemusac.org\/\">8. \u00a0 \u00a0 Escuela de Formaci\u00f3n de Profesores de Ense\u00f1anza Media -EFPEM-: <\/a><\/p>\n\n\n\n<p><a href=\"https:\/\/www.facebook.com\/ECCLLUSAC\" data-type=\"URL\" data-id=\"https:\/\/www.facebook.com\/ECCLLUSAC\">9. \u00a0 \u00a0 Escuela de Ciencias Ling\u00fc\u00edsticas<\/a><\/p>\n\n\n\n<p><a href=\"https:\/\/escuelasuperiordearte.usac.edu.gt\/\" data-type=\"URL\" data-id=\"https:\/\/escuelasuperiordearte.usac.edu.gt\/\">10.\u00a0 Escuela Superior de\u00a0 Arte -Esa- <\/a><\/p>\n\n\n\n<p>A nivel nacional: Tiene centros universitarios en los 22 departamentos de Guatemala, los cuales se enlistan a continuaci\u00f3n:&nbsp;<\/p>\n\n\n\n<p><a href=\"http:\/\/www.cudep.edu.gt\" data-type=\"URL\" data-id=\"www.cudep.edu.gt\">&#8211;\u00a0 \u00a0 \u00a0 \u00a0 \u00a0 Centro Universitario de Pet\u00e9n -CUDEP- Santa Elena, Pet\u00e9n<\/a><\/p>\n\n\n\n<p><a href=\"http:\/\/www.cudep.edu.gt\" data-type=\"URL\" data-id=\"www.cudep.edu.gt\">&#8211;\u00a0 \u00a0 \u00a0 \u00a0 \u00a0 Centro Universitario de Occidente -CUNOC- Quetzaltenango, Quetzaltenango<\/a><\/p>\n\n\n\n<p><a href=\"http:\/\/www.cunoroc.edu.gt\" data-type=\"URL\" data-id=\"www.cunoroc.edu.gt\">&#8211;\u00a0 Centro Universitario de Noroccidente -CUNOROC- Huehuetenango, Huehuetenango<\/a><\/p>\n\n\n\n<p><a href=\"http:\/\/www.cusam.edu.gt\" data-type=\"URL\" data-id=\"www.cusam.edu.gt\">&#8211;\u00a0 \u00a0 \u00a0 \u00a0 \u00a0 Centro Universitario del Quich\u00e9 \u2013CUSACQ-, El Quich\u00e9<\/a><\/p>\n\n\n\n<p><a href=\"http:\/\/www.cusam.edu.gt\" data-type=\"URL\" data-id=\"www.cusam.edu.gt\">&#8211;\u00a0 \u00a0 \u00a0 \u00a0 \u00a0 Centro Universitario de San Marcos -CUSAM- San Marcos, San Marcos<\/a><\/p>\n\n\n\n<p><a href=\"http:\/\/www.cuntoto.edu.gt\" data-type=\"URL\" data-id=\"www.cuntoto.edu.gt\">&#8211;\u00a0 \u00a0 \u00a0 \u00a0 \u00a0 Centro Universitario de Totonicap\u00e1n \u2013CUNTOTO-, Totonicap\u00e1n<\/a><\/p>\n\n\n\n<p><a href=\"http:\/\/www.cunsol.edu.gt\" data-type=\"URL\" data-id=\"www.cunsol.edu.gt\">&#8211;\u00a0 \u00a0 \u00a0 \u00a0 \u00a0 Centro Universitario de Solol\u00e1 -CUNSOL<\/a><\/p>\n\n\n\n<p><a href=\"http:\/\/www.cunor.edu.gt\" data-type=\"URL\" data-id=\"www.cunor.edu.gt\">&#8211;\u00a0 \u00a0 \u00a0 \u00a0 \u00a0 Centro Universitario del Norte \u2013CUNOR- Cob\u00e1n, Alta Verapaz<\/a><\/p>\n\n\n\n<p><a href=\"http:\/\/www.cunvab.edu.gt\" data-type=\"URL\" data-id=\"www.cunvab.edu.gt\">&#8211;\u00a0 \u00a0 \u00a0 \u00a0 \u00a0 Centro Universitario de Baja Verapaz \u2013CUNVAB-, San Miguel Chicaj<\/a><\/p>\n\n\n\n<p><a href=\"http:\/\/www.cunsaro.edu.gt\" data-type=\"URL\" data-id=\"www.cunsaro.edu.gt\">&#8211;\u00a0 \u00a0 \u00a0 \u00a0 \u00a0 Centro Universitario de Santa Rosa \u2013CUNSARO- Cuilapa, Santa Rosa<\/a><\/p>\n\n\n\n<p><a href=\"http:\/\/www.cunsur.edu.gt\" data-type=\"URL\" data-id=\"www.cunsur.edu.gt\">&#8211;\u00a0 \u00a0 \u00a0 \u00a0 \u00a0 Centro Universitario del Sur -CUNSUR- Escuintla, Escuintla<\/a><\/p>\n\n\n\n<p><a href=\"http:\/\/www.cundech.edu.gt\" data-type=\"URL\" data-id=\"www.cundech.edu.gt\">&#8211;\u00a0 \u00a0 \u00a0 \u00a0 \u00a0 Centro Universitario de Chimaltenango \u2013 CUNDECH- Chimaltenango<\/a><\/p>\n\n\n\n<p><a href=\"http:\/\/www.cunsuroc.edu.gt\" data-type=\"URL\" data-id=\"www.cunsuroc.edu.gt\">&#8211;\u00a0 \u00a0 \u00a0 \u00a0 \u00a0 Centro Universitario de Suroccidente -CUNSUROC- Mazatenango, Suchitep\u00e9quez<\/a><\/p>\n\n\n\n<p><a href=\"http:\/\/www.jusac.edu.gt\" data-type=\"URL\" data-id=\"www.jusac.edu.gt\">&#8211;\u00a0 \u00a0 \u00a0 \u00a0 \u00a0 Centro Universitario de Jutiapa \u2013JUSAC- Jutiapa, Jutiapa<\/a><\/p>\n\n\n\n<p><a href=\"http:\/\/www.consori.edu.gt\" data-type=\"URL\" data-id=\"www.consori.edu.gt\">&#8211;\u00a0 \u00a0 \u00a0 \u00a0 \u00a0 Centro Universitario de Suroriente -CUNSURORI- Jalapa, Jalapa<\/a><\/p>\n\n\n\n<p><a href=\"http:\/\/www.cunprogreso.edu.gt\" data-type=\"URL\" data-id=\"www.cunprogreso.edu.gt\">&#8211;\u00a0 \u00a0 \u00a0 \u00a0 \u00a0 Centro Universitario de El Progreso \u2013CUNPROGRESO-, Guastatoya<\/a><\/p>\n\n\n\n<p><a href=\"http:\/\/www.cunizab.edu.gt\" data-type=\"URL\" data-id=\"www.cunizab.edu.gt\">&#8211;\u00a0 \u00a0 \u00a0 \u00a0 \u00a0 Centro Universitario de Izabal -CUNIZAB- Puerto Barrios, Izabal<\/a><\/p>\n\n\n\n<p><a href=\"http:\/\/www.cunori.edu.gt\" data-type=\"URL\" data-id=\"www.cunori.edu.gt\">&#8211;\u00a0 \u00a0 \u00a0 \u00a0 \u00a0 Centro Universitario de Oriente \u2013CUNORI- Chiquimula, Chiquimula<\/a><\/p>\n\n\n\n<p><a href=\"http:\/\/www.cunzac.edu.gt\" data-type=\"URL\" data-id=\"www.cunzac.edu.gt\">&#8211;\u00a0 \u00a0 \u00a0 \u00a0 \u00a0 Centro Universitario de Zacapa -CUNZAC- Zacapa, Zacapa<\/a><\/p>\n\n\n\n<p><strong>Institutos y Centros de formaci\u00f3n:<\/strong><\/p>\n\n\n\n<p><a href=\"http:\/\/www.cema.edu.gt\" data-type=\"URL\" data-id=\"www.cema.edu.gt\">&#8211;\u00a0 \u00a0 \u00a0 Centro de Estudios del Mar y Acuicultura -CEMA- Guatemala, Guatemala<\/a><\/p>\n\n\n\n<p><a href=\"http:\/\/www.imes.edu.gt\" data-type=\"URL\" data-id=\"www.imes.edu.gt\">&#8211; \u00a0 \u00a0 \u00a0 Instituto Tecnol\u00f3gico Maya de Estudios Superiores -ITMES- San Juan Chamelco, Alta Verapaz<\/a><\/p>\n\n\n\n<p><a href=\"http:\/\/www.tecnologico.usac.edu.gt\" data-type=\"URL\" data-id=\"www.tecnologico.usac.edu.gt\">&#8211;\u00a0 \u00a0 \u00a0 \u00a0 \u00a0 Instituto Tecnol\u00f3gico Universitario Guatemala Sur \u2013ITUGS- Pal\u00edn, Escuintla<\/a><\/p>\n\n\n\n<p><\/p>\n\n\n\n<p>La USAC es una de las instituciones m\u00e1s importantes de Am\u00e9rica Latina, la oferta acad\u00e9mica que ofrece es: 714 carreras de pregrado, grado y postgrado, con planes de estudios en diversas disciplinas: conoce la oferta acad\u00e9mica en el siguiente enlace: <a href=\"https:\/\/cgsep.usac.edu.gt\/website\/graphics\/g\/catalogo.pdf\">https:\/\/cgsep.usac.edu.gt\/website\/graphics\/g\/catalogo.pdf<\/a>&nbsp;<\/p>\n","protected":false},"excerpt":{"rendered":"<p>La Universidad de San Carlos de Guatemala cuenta con 10 facultades y 10 escuelas no facultativas que ofrecen carreras en el grado de doctorado, maestr\u00eda, licenciatura y t\u00e9cnicos. Divididas de la siguiente manera:&nbsp; Facultades 1. &nbsp; &nbsp; Facultad de Ciencias M\u00e9dicas 2. &nbsp; &nbsp; Facultad de Odontolog\u00eda 3. &nbsp; &nbsp; Facultad de Ciencias Qu\u00edmicas y [&hellip;]<\/p>\n","protected":false},"author":2,"featured_media":0,"parent":0,"menu_order":0,"comment_status":"closed","ping_status":"closed","template":"","meta":{"_et_pb_use_builder":"","_et_pb_old_content":"","_et_gb_content_width":"","footnotes":""},"class_list":["post-668","page","type-page","status-publish","hentry"],"_links":{"self":[{"href":"https:\/\/cooperacioninternacional.usac.edu.gt\/index.php?rest_route=\/wp\/v2\/pages\/668","targetHints":{"allow":["GET"]}}],"collection":[{"href":"https:\/\/cooperacioninternacional.usac.edu.gt\/index.php?rest_route=\/wp\/v2\/pages"}],"about":[{"href":"https:\/\/cooperacioninternacional.usac.edu.gt\/index.php?rest_route=\/wp\/v2\/types\/page"}],"author":[{"embeddable":true,"href":"https:\/\/cooperacioninternacional.usac.edu.gt\/index.php?rest_route=\/wp\/v2\/users\/2"}],"replies":[{"embeddable":true,"href":"https:\/\/cooperacioninternacional.usac.edu.gt\/index.php?rest_route=%2Fwp%2Fv2%2Fcomments&post=668"}],"version-history":[{"count":5,"href":"https:\/\/cooperacioninternacional.usac.edu.gt\/index.php?rest_route=\/wp\/v2\/pages\/668\/revisions"}],"predecessor-version":[{"id":676,"href":"https:\/\/cooperacioninternacional.usac.edu.gt\/index.php?rest_route=\/wp\/v2\/pages\/668\/revisions\/676"}],"wp:attachment":[{"href":"https:\/\/cooperacioninternacional.usac.edu.gt\/index.php?rest_route=%2Fwp%2Fv2%2Fmedia&parent=668"}],"curies":[{"name":"wp","href":"https:\/\/api.w.org\/{rel}","templated":true}]}}